{"id":1243,"date":"2024-02-02T22:24:37","date_gmt":"2024-02-02T21:24:37","guid":{"rendered":"http:\/\/www.ondokeo.net\/ondokeo_new\/?page_id=1243"},"modified":"2024-02-27T12:28:43","modified_gmt":"2024-02-27T11:28:43","slug":"frach-morski","status":"publish","type":"page","link":"https:\/\/www.ondokeo.net\/index.php\/wyprawy\/serengeti\/frach-morski\/","title":{"rendered":"Frach morski"},"content":{"rendered":"\n<h5 class=\"wp-block-heading\">Czerwiec 2006<\/h5>\n\n\n\n<h4 class=\"wp-block-heading\">Transport samochodu do&nbsp;Mombasy<\/h4>\n\n\n\n<p>Przygotowuj\u0105c wypraw\u0119&nbsp;<strong>Serengeti &#8217;06<\/strong>, zdecydowali\u015bmy si\u0119 na to, \u017ce nasz Defender musi zosta\u0107 dostarczony do Kenii drog\u0105 morsk\u0105. Mo\u017cliwe jest wys\u0142anie samochodu samolotem, jest to&nbsp;jednak jeszcze dro\u017csze. Argument\u00f3w za&nbsp;podr\u00f3\u017cowaniem w\u0142asnym, a nie wynaj\u0119tym samochodem jest wiele: w&nbsp;samochodzie transportujemy do&nbsp;Afryki ca\u0142o\u015b\u0107 wyposa\u017cenia i&nbsp;jedzenia, w&nbsp;samochodzie mamy zbiornik na&nbsp;wod\u0119 i&nbsp;filtry, na&nbsp;samochodzie mamy namiot dachowy, poza wszystkim jednak,&nbsp;<strong>chcemy je\u017adzi\u0107 po&nbsp;Afryce naszym Defenderem!<\/strong><\/p>\n\n\n\n<p>Transport samochodu do&nbsp;Afryki to&nbsp;najwi\u0119kszy wydatek na&nbsp;ca\u0142ej wyprawie. Wyb\u00f3r spedytora zaj\u0105\u0142 nam kilka miesi\u0119cy. Ostatecznie, transport samochodu obs\u0142ugiwany jest przez firm\u0119 &nbsp;<a href=\"http:\/\/www.scanconsult.pl\/\" target=\"_blank\" rel=\"noreferrer noopener\"><strong>Scan Consult<\/strong><\/a>. Scan Consult nie tylko przedstawi\u0142 nam najkorzystniejsz\u0105 ofert\u0119, ale i dzi\u0119ki pomocy P. Macieja Gr\u0105tkowskiego, mo\u017cliwe by\u0142o zrozumienie procesu i ocena innych ofert. Bardzo wiele informacji na&nbsp;temat transportu samochod\u00f3w, znale\u017a\u0107 mo\u017cna r\u00f3wnie\u017c w ksi\u0105\u017cce&nbsp;<strong>Vehicle-dependent Expedition Guide<\/strong>&nbsp;kt\u00f3rej autorem jest&nbsp;<strong>Tom Sheppard<\/strong>.<\/p>\n\n\n\n<p>Samoch\u00f3d transportowany jest wewn\u0105trz kontenera o&nbsp;d\u0142ugo\u015bci 20&nbsp;st\u00f3p. Jego wysoko\u015b\u0107 jest dostateczna do&nbsp;wprowadzenia Defendera, trzeba jednak zwr\u00f3ci\u0107 baczn\u0105 uwag\u0119 na&nbsp;wysoko\u015b\u0107 baga\u017cnika dachowego i&nbsp;jego zawarto\u015b\u0107. Najni\u017cszym miejscem kontenera jest otw\u00f3r drzwiowy, to&nbsp;ok.&nbsp;228&nbsp;cm. Wn\u0119trze kontenera ma wysoko\u015b\u0107 ok&nbsp;239cm. Nasz Defender zmie\u015bci\u0142 si\u0119 w&nbsp;drzwiach kontenera wraz z&nbsp;baga\u017cnikiem dachowym, ale zar\u00f3wno namiot, jak i&nbsp;ko\u0142o zapasowe musia\u0142y zosta\u0107 zdj\u0119te. Namiot zamocowali\u015bmy na&nbsp;masce samochodu, ko\u0142o zosta\u0142o zamocowane na&nbsp;pod\u0142odze kontenera.<\/p>\n\n\n\n<p>Na koszty frachtu morskiego sk\u0142ada si\u0119 bardzo wiele element\u00f3w. W&nbsp;ofertach r\u00f3\u017cnych spedytor\u00f3w r\u00f3\u017cni\u0142y si\u0119 zw\u0142aszcza op\u0142aty pobierane za&nbsp;obs\u0142ug\u0119 kontenera, czy przygotowanie dokumentacji. Najwi\u0119kszym elementem w&nbsp;cenie jest sam fracht. Na trasie Gdynia Mombasa, wynosi on ok. 1500 USD w&nbsp;jedna stron\u0119. Koszt ten zwi\u0119kszany jest jeszcze o dodatki: paliwowy (BAF) &#8211; ok 28% i walutowy (CAF) &#8211; ok 6%. Do koszt\u00f3w frachtu dochodz\u0105 op\u0142aty portowe, kt\u00f3rych \u0142\u0105czna warto\u015b\u0107 i&nbsp;warto\u015b\u0107 ubezpieczenia \u0142adunku kontenera, si\u0119ga nast\u0119pnych kilkuset USD. Do&nbsp;op\u0142at zwi\u0105zanych z&nbsp;obs\u0142uga kontenera i&nbsp;frachtem, dochodz\u0105 op\u0142aty za&nbsp;odpraw\u0119 celna i&nbsp;graniczn\u0105. W&nbsp;Mombasie si\u0119gaj\u0105 one podobno 500 USD &#8211; sprawdzimy to sami.<\/p>\n\n\n\n<h5 class=\"wp-block-heading\">Zarys faktycznej trasy morskiej z Gdyni do Mombasy<\/h5>\n\n\n\n<div style=\"height:10px\" aria-hidden=\"true\" class=\"wp-block-spacer\"><\/div>\n\n\n\n<div class=\"wp-block-columns is-layout-flex wp-container-core-columns-is-layout-28f84493 wp-block-columns-is-layout-flex\">\n<div class=\"wp-block-column is-layout-flow wp-block-column-is-layout-flow\">\n<figure class=\"wp-block-table has-x-small-font-size\"><table><tbody><tr><td><strong>Port<\/strong><\/td><td><strong>Kraj<\/strong><\/td><td><strong>Data<br>planowana<\/strong><\/td><td><strong>Nazwa statku<\/strong><\/td><td><strong>Data<br>faktyczna<\/strong><\/td><\/tr><tr><td>Gdynia<\/td><td>PL<\/td><td>27-05-06<\/td><td>Enforcer<\/td><td>27-05-06<\/td><\/tr><tr><td>Kiel<\/td><td>DE<\/td><td>28-05-06<\/td><td>Enforcer<\/td><td>28-05-06<\/td><\/tr><tr><td>Felixstowe<\/td><td>GB<\/td><td>30-05-06<\/td><td>Enforcer<\/td><td>30-05-06<\/td><\/tr><tr><td colspan=\"5\"><strong>Prze\u0142adunek kontenera na inny statek<\/strong><\/td><\/tr><tr><td>Felixstowe<\/td><td>GB<\/td><td>02-06-06<\/td><td>CMA CGM Capricorne<\/td><td>03-06-06<\/td><\/tr><tr><td>Antwerpen<\/td><td>BE<\/td><td>03-06-06<\/td><td>CMA CGM Capricorne<\/td><td>04-06-06<\/td><\/tr><tr><td>Rouen<\/td><td>FR<\/td><td>05-06-06<\/td><td>CMA CGM Capricorne<\/td><td>05-06-06<\/td><\/tr><tr><td>Montoir De Bretagne<\/td><td>FR<\/td><td>08-06-06<\/td><td>CMA CGM Capricorne<\/td><td>07-06-06<\/td><\/tr><tr><td>Marseille<\/td><td>FR<\/td><td>12-06-06<\/td><td>CMA CGM Capricorne<\/td><td>12-06-06<\/td><\/tr><tr><td>Livorno<\/td><td>IT<\/td><td>14-06-06<\/td><td>CMA CGM Capricorne<\/td><td>14-06-06<\/td><\/tr><tr><td>Suez<\/td><td>EG<\/td><td>19-06-06<\/td><td>CMA CGM Capricorne<\/td><td>18-06-06<\/td><\/tr><tr><td>Pointe Des Galets<\/td><td>RE<\/td><td>29-06-06<\/td><td>CMA CGM Capricorne<\/td><td>30-06-06<\/td><\/tr><tr><td>Port Louis<\/td><td>MU<\/td><td>02-07-06<\/td><td>CMA CGM Capricorne<\/td><td>02-07-06<\/td><\/tr><tr><td>Tamatave<\/td><td>MG<\/td><td>04-07-06<\/td><td>CMA CGM Capricorne<\/td><td>05-07-06<\/td><\/tr><tr><td>Longoni<\/td><td>YT<\/td><td>06-07-06<\/td><td>CMA CGM Capricorne<\/td><td>08-07-06<\/td><\/tr><tr><td>Mombasa<\/td><td>KE<\/td><td>10-07-06<\/td><td>CMA CGM Capricorne<\/td><td>11-07-06<\/td><\/tr><\/tbody><\/table><\/figure>\n<\/div>\n\n\n\n<div class=\"wp-block-column is-layout-flow wp-block-column-is-layout-flow\" style=\"padding-left:var(--wp--preset--spacing--30)\">\n<figure class=\"wp-block-image size-large\"><img decoding=\"async\" src=\"http:\/\/www.ondokeo.net\/wp-content\/uploads\/2024\/02\/fracht_350-1.jpg\" alt=\"\"\/><\/figure>\n<\/div>\n<\/div>\n","protected":false},"excerpt":{"rendered":"<p>Czerwiec 2006 Transport samochodu do&nbsp;Mombasy Przygotowuj\u0105c wypraw\u0119&nbsp;Serengeti &#8217;06, zdecydowali\u015bmy si\u0119 na to, \u017ce nasz Defender musi zosta\u0107 dostarczony do Kenii drog\u0105 morsk\u0105. Mo\u017cliwe jest wys\u0142anie samochodu samolotem, jest to&nbsp;jednak jeszcze dro\u017csze. Argument\u00f3w za&nbsp;podr\u00f3\u017cowaniem w\u0142asnym, a nie wynaj\u0119tym samochodem jest wiele: w&nbsp;samochodzie transportujemy do&nbsp;Afryki ca\u0142o\u015b\u0107 wyposa\u017cenia i&nbsp;jedzenia, w&nbsp;samochodzie mamy zbiornik na&nbsp;wod\u0119 i&nbsp;filtry, na&nbsp;samochodzie mamy namiot dachowy,&#8230;<\/p>\n","protected":false},"author":1,"featured_media":0,"parent":461,"menu_order":0,"comment_status":"closed","ping_status":"closed","template":"page-right-sidebar-template","meta":{"pgc_sgb_lightbox_settings":"","footnotes":""},"class_list":["post-1243","page","type-page","status-publish","hentry"],"_links":{"self":[{"href":"https:\/\/www.ondokeo.net\/index.php\/wp-json\/wp\/v2\/pages\/1243","targetHints":{"allow":["GET"]}}],"collection":[{"href":"https:\/\/www.ondokeo.net\/index.php\/wp-json\/wp\/v2\/pages"}],"about":[{"href":"https:\/\/www.ondokeo.net\/index.php\/wp-json\/wp\/v2\/types\/page"}],"author":[{"embeddable":true,"href":"https:\/\/www.ondokeo.net\/index.php\/wp-json\/wp\/v2\/users\/1"}],"replies":[{"embeddable":true,"href":"https:\/\/www.ondokeo.net\/index.php\/wp-json\/wp\/v2\/comments?post=1243"}],"version-history":[{"count":5,"href":"https:\/\/www.ondokeo.net\/index.php\/wp-json\/wp\/v2\/pages\/1243\/revisions"}],"predecessor-version":[{"id":4112,"href":"https:\/\/www.ondokeo.net\/index.php\/wp-json\/wp\/v2\/pages\/1243\/revisions\/4112"}],"up":[{"embeddable":true,"href":"https:\/\/www.ondokeo.net\/index.php\/wp-json\/wp\/v2\/pages\/461"}],"wp:attachment":[{"href":"https:\/\/www.ondokeo.net\/index.php\/wp-json\/wp\/v2\/media?parent=1243"}],"curies":[{"name":"wp","href":"https:\/\/api.w.org\/{rel}","templated":true}]}}