{"id":1262,"date":"2024-02-02T22:58:12","date_gmt":"2024-02-02T21:58:12","guid":{"rendered":"http:\/\/www.ondokeo.net\/ondokeo_new\/?page_id=1262"},"modified":"2024-02-27T12:58:19","modified_gmt":"2024-02-27T11:58:19","slug":"mapy","status":"publish","type":"page","link":"https:\/\/www.ondokeo.net\/index.php\/wyprawy\/serengeti\/przygotowania\/mapy\/","title":{"rendered":"Mapy Serengeti"},"content":{"rendered":"\n<h5 class=\"wp-block-heading\">Marzec&nbsp;2006<\/h5>\n\n\n\n<h4 class=\"wp-block-heading\">Mapy topograficzne<\/h4>\n\n\n\n<p>Jako mapy topograficzne planuj\u0119 wykorzysta\u0107, sprawdzone ju\u017c w&nbsp;Maroku, ameryka\u0144skie mapy TPC.<\/p>\n\n\n\n<div class=\"wp-block-media-text is-stacked-on-mobile is-vertically-aligned-top\" style=\"margin-top:var(--wp--preset--spacing--20);margin-bottom:var(--wp--preset--spacing--20);grid-template-columns:44% auto\"><figure class=\"wp-block-media-text__media\"><img loading=\"lazy\" decoding=\"async\" width=\"323\" height=\"261\" src=\"http:\/\/www.ondokeo.net\/wp-content\/uploads\/2024\/02\/tpc-serengeti.jpg\" alt=\"\" class=\"wp-image-1281 size-full\" srcset=\"https:\/\/www.ondokeo.net\/wp-content\/uploads\/2024\/02\/tpc-serengeti.jpg 323w, https:\/\/www.ondokeo.net\/wp-content\/uploads\/2024\/02\/tpc-serengeti-300x242.jpg 300w\" sizes=\"auto, (max-width: 323px) 100vw, 323px\" \/><\/figure><div class=\"wp-block-media-text__content\">\n<p class=\"has-small-font-size\">Zestaw map TPC, z&nbsp;uwzgl\u0119dnieniem wszelkich miejsc do&nbsp;kt\u00f3rych mo\u017ce nas zaprowadzi\u0107 los i&nbsp;w\u0142asna ciekawo\u015b\u0107 to<\/p>\n\n\n\n<ul class=\"has-small-font-size wp-block-list\">\n<li>L5-C, D<\/li>\n\n\n\n<li>M4-B, C<\/li>\n\n\n\n<li>M5-A, B, C, D<\/li>\n<\/ul>\n\n\n\n<p class=\"has-small-font-size\">Schemat obok przedstawia rozk\u0142ad map TPC z&nbsp;serwera<a href=\"http:\/\/www.omnimap.com\/cgi-bin\/omni\/graphic.pl?images\/ind-for\/tpc-afr.jpg\">OmniMap<\/a>. Mapy zacienione na schemacie, to&nbsp;mapy posiadane przez sklep<strong>OmniMap<\/strong>. W czasie zamawiania map 12 marca 2006 roku, okaza\u0142o si\u0119, \u017ce stan magazynu by\u0142 jednak inny.<\/p>\n\n\n\n<p class=\"has-small-font-size\">Linia czerwona otacza mapy zam\u00f3wione w&nbsp;internetowym sklepie <a href=\"http:\/\/www.omnimap.com\">OmniMap<\/a>. Linia granatowa otacza mapy zam\u00f3wione w&nbsp;internetowym sklepie <a href=\"http:\/\/www.themapshop.co.uk\" target=\"_blank\" rel=\"noreferrer noopener\">www.themapshop.co.uk<\/a>.<\/p>\n\n\n\n<p class=\"has-small-font-size\">Na&nbsp;zielono oznaczyli\u015bmy mapy, kt\u00f3re ju\u017c mamy przygotowane. Bardzo brakuje nam L-5D oraz M-4C.<\/p>\n<\/div><\/div>\n\n\n\n<h5 class=\"wp-block-heading\">TPC L-5C<\/h5>\n\n\n\n<p>Miniaturka mapy TPC L-5C ze&nbsp;wst\u0119pnie planowana tras\u0105:<\/p>\n\n\n\n<div class=\"wp-block-columns is-layout-flex wp-container-core-columns-is-layout-28f84493 wp-block-columns-is-layout-flex\">\n<div class=\"wp-block-column is-layout-flow wp-block-column-is-layout-flow\" style=\"flex-basis:33.33%\">\n<figure class=\"wp-block-image size-large is-resized\"><img decoding=\"async\" src=\"http:\/\/www.ondokeo.net\/wp-content\/uploads\/2024\/02\/onc_l-5.jpg\" alt=\"\" style=\"width:245px;height:auto\"\/><\/figure>\n<\/div>\n\n\n\n<div class=\"wp-block-column is-layout-flow wp-block-column-is-layout-flow\" style=\"flex-basis:66.66%\">\n<figure class=\"wp-block-image size-large is-resized\"><img decoding=\"async\" src=\"http:\/\/www.ondokeo.net\/wp-content\/uploads\/2024\/02\/tpc_l-5c_map.jpg\" alt=\"\" style=\"width:480px;height:auto\"\/><\/figure>\n<\/div>\n<\/div>\n\n\n\n<h5 class=\"wp-block-heading\">TPC M-4B<\/h5>\n\n\n\n<div class=\"wp-block-columns is-layout-flex wp-container-core-columns-is-layout-28f84493 wp-block-columns-is-layout-flex\">\n<div class=\"wp-block-column is-layout-flow wp-block-column-is-layout-flow\" style=\"flex-basis:33.33%\">\n<figure class=\"wp-block-image size-large is-resized\"><img decoding=\"async\" src=\"http:\/\/www.ondokeo.net\/wp-content\/uploads\/2024\/02\/tpc_m-5d.jpg\" alt=\"\" style=\"width:250px;height:auto\"\/><\/figure>\n<\/div>\n\n\n\n<div class=\"wp-block-column is-layout-flow wp-block-column-is-layout-flow\" style=\"flex-basis:66.66%\">\n<figure class=\"wp-block-image size-large is-resized\"><img decoding=\"async\" src=\"http:\/\/www.ondokeo.net\/wp-content\/uploads\/2024\/02\/tpc_m-4b_map.jpg\" alt=\"\" style=\"width:481px;height:auto\"\/><\/figure>\n<\/div>\n<\/div>\n\n\n\n<h5 class=\"wp-block-heading\">PC M-5A<\/h5>\n\n\n\n<div class=\"wp-block-columns is-layout-flex wp-container-core-columns-is-layout-28f84493 wp-block-columns-is-layout-flex\">\n<div class=\"wp-block-column is-layout-flow wp-block-column-is-layout-flow\" style=\"flex-basis:33.33%\">\n<figure class=\"wp-block-image size-large is-resized\"><img decoding=\"async\" src=\"http:\/\/www.ondokeo.net\/wp-content\/uploads\/2024\/02\/onc_m-5.jpg\" alt=\"\" style=\"width:250px;height:auto\"\/><\/figure>\n<\/div>\n\n\n\n<div class=\"wp-block-column is-layout-flow wp-block-column-is-layout-flow\" style=\"flex-basis:66.66%\">\n<figure class=\"wp-block-image size-large is-resized\"><img decoding=\"async\" src=\"http:\/\/www.ondokeo.net\/wp-content\/uploads\/2024\/02\/tpc_m-5a_map.jpg\" alt=\"\" style=\"width:482px;height:auto\"\/><\/figure>\n<\/div>\n<\/div>\n\n\n\n<h5 class=\"wp-block-heading\">TPC M-5B<\/h5>\n\n\n\n<div class=\"wp-block-columns is-layout-flex wp-container-core-columns-is-layout-28f84493 wp-block-columns-is-layout-flex\">\n<div class=\"wp-block-column is-layout-flow wp-block-column-is-layout-flow\" style=\"flex-basis:33.33%\">\n<figure class=\"wp-block-image size-large is-resized\"><img decoding=\"async\" src=\"http:\/\/www.ondokeo.net\/wp-content\/uploads\/2024\/02\/onc_m-5-1.jpg\" alt=\"\" style=\"width:252px;height:auto\"\/><\/figure>\n<\/div>\n\n\n\n<div class=\"wp-block-column is-layout-flow wp-block-column-is-layout-flow\" style=\"flex-basis:66.66%\">\n<figure class=\"wp-block-image size-large is-resized\"><img decoding=\"async\" src=\"http:\/\/www.ondokeo.net\/wp-content\/uploads\/2024\/02\/tpc_m-5b_map.jpg\" alt=\"\" style=\"width:482px;height:auto\"\/><\/figure>\n<\/div>\n<\/div>\n\n\n\n<h5 class=\"wp-block-heading\">TPC M-5D<\/h5>\n\n\n\n<div class=\"wp-block-columns is-layout-flex wp-container-core-columns-is-layout-28f84493 wp-block-columns-is-layout-flex\">\n<div class=\"wp-block-column is-layout-flow wp-block-column-is-layout-flow\" style=\"flex-basis:33.33%\">\n<figure class=\"wp-block-image size-large is-resized\"><img decoding=\"async\" src=\"http:\/\/www.ondokeo.net\/wp-content\/uploads\/2024\/02\/onc_m-5-2.jpg\" alt=\"\" style=\"width:250px;height:auto\"\/><\/figure>\n<\/div>\n\n\n\n<div class=\"wp-block-column is-layout-flow wp-block-column-is-layout-flow\" style=\"flex-basis:66.66%\">\n<figure class=\"wp-block-image size-large is-resized\"><img decoding=\"async\" src=\"http:\/\/www.ondokeo.net\/wp-content\/uploads\/2024\/02\/tpc_m-5d_map.jpg\" alt=\"\" style=\"width:470px;height:auto\"\/><\/figure>\n<\/div>\n<\/div>\n\n\n\n<h5 class=\"wp-block-heading\">Luty&nbsp;2006<\/h5>\n\n\n\n<h4 class=\"wp-block-heading\">Mapy turystyczne<\/h4>\n\n\n\n<p><\/p>\n\n\n\n<div class=\"wp-block-media-text is-stacked-on-mobile is-vertically-aligned-top\" style=\"grid-template-columns:19% auto\"><figure class=\"wp-block-media-text__media\"><img loading=\"lazy\" decoding=\"async\" width=\"208\" height=\"500\" src=\"http:\/\/www.ondokeo.net\/wp-content\/uploads\/2024\/02\/unnamed-6-2.jpg\" alt=\"\" class=\"wp-image-2524 size-full\" srcset=\"https:\/\/www.ondokeo.net\/wp-content\/uploads\/2024\/02\/unnamed-6-2.jpg 208w, https:\/\/www.ondokeo.net\/wp-content\/uploads\/2024\/02\/unnamed-6-2-125x300.jpg 125w\" sizes=\"auto, (max-width: 208px) 100vw, 208px\" \/><\/figure><div class=\"wp-block-media-text__content\">\n<p><strong>Kenia<\/strong><\/p>\n\n\n\n<p class=\"has-small-font-size\">Raise Know-How, skala: 1:950.000<\/p>\n\n\n\n<p class=\"has-small-font-size\">Dwustronna mapa wydana na&nbsp;specjalnym, odpornym na&nbsp;rozdarcie papierze. Dost\u0119pna jest r\u00f3wnie\u017c w&nbsp;wersji elektronicznej, gotowa do&nbsp;za\u0142adowania do&nbsp;OziExplorera. Jedynym powodem, dla kt\u00f3rego kupi\u0142em wersj\u0119 papierow\u0105 jest to, \u017ce&nbsp;plik mapy w&nbsp;wersji elektronicznej wydawa\u0142 mi&nbsp;si\u0119 zbyt ma\u0142y, jak na&nbsp;dostateczn\u0105 jako\u015b\u0107. Zdecydowa\u0142em si\u0119 po\u015bwi\u0119ci\u0107 samemu czas na&nbsp;przygotowanie mapy i&nbsp;nie ryzykowa\u0142em wydania pieni\u0119dzy na&nbsp;wersj\u0119 elektroniczn\u0105, dro\u017csza zreszt\u0105.<\/p>\n<\/div><\/div>\n\n\n\n<div class=\"wp-block-media-text is-stacked-on-mobile is-vertically-aligned-top\" style=\"grid-template-columns:19% auto\"><figure class=\"wp-block-media-text__media\"><img loading=\"lazy\" decoding=\"async\" width=\"206\" height=\"500\" src=\"http:\/\/www.ondokeo.net\/wp-content\/uploads\/2024\/02\/unnamed-5-2.jpg\" alt=\"\" class=\"wp-image-2523 size-full\" srcset=\"https:\/\/www.ondokeo.net\/wp-content\/uploads\/2024\/02\/unnamed-5-2.jpg 206w, https:\/\/www.ondokeo.net\/wp-content\/uploads\/2024\/02\/unnamed-5-2-124x300.jpg 124w\" sizes=\"auto, (max-width: 206px) 100vw, 206px\" \/><\/figure><div class=\"wp-block-media-text__content\">\n<p><strong>Tanzania<\/strong><\/p>\n\n\n\n<p class=\"has-small-font-size\">Raise Know-How, skala: 1:1200.000<\/p>\n\n\n\n<p class=\"has-small-font-size\">Dwustronna mapa wydana na&nbsp;specjalnym, odpornym na&nbsp;rozdarcie papierze. Dost\u0119pna jest r\u00f3wnie\u017c w&nbsp;wersji elektronicznej, gotowa do&nbsp;za\u0142adowania do&nbsp;OziExplorera.<\/p>\n<\/div><\/div>\n\n\n\n<div class=\"wp-block-media-text is-stacked-on-mobile is-vertically-aligned-top\" style=\"grid-template-columns:19% auto\"><figure class=\"wp-block-media-text__media\"><img loading=\"lazy\" decoding=\"async\" width=\"214\" height=\"500\" src=\"http:\/\/www.ondokeo.net\/wp-content\/uploads\/2024\/02\/unnamed-3.jpg\" alt=\"\" class=\"wp-image-2522 size-full\" srcset=\"https:\/\/www.ondokeo.net\/wp-content\/uploads\/2024\/02\/unnamed-3.jpg 214w, https:\/\/www.ondokeo.net\/wp-content\/uploads\/2024\/02\/unnamed-3-128x300.jpg 128w\" sizes=\"auto, (max-width: 214px) 100vw, 214px\" \/><\/figure><div class=\"wp-block-media-text__content\">\n<p><strong>Uganda<\/strong><\/p>\n\n\n\n<p class=\"has-small-font-size\">International Travel Maps, skala: 1:800.000<\/p>\n\n\n\n<p class=\"has-small-font-size\">Jednostronna mapa z ma\u0142ym planem Kampali (skala 1:35.000) oraz informacjami o historii Ugandy, \u017cyj\u0105cych na terenie Ugandy zwierz\u0119tach i miejscach wartych odwiedzenia.<\/p>\n\n\n\n<p class=\"has-small-font-size\">Przy pozycjonowaniu tej mapy okaza\u0142o si\u0119, \u017ce nie jest to wydawnictwo, kt\u00f3remu mo\u017cna ufa\u0107. Po&nbsp;pierwsze, zapis na&nbsp;mapie g\u0142osi, \u017ce przygotowane zosta\u0142a w&nbsp;oparciu o&nbsp;&#8222;Lambert Conformal Conic Projection&#8221;, nie podano jednak jakichkolwiek parametr\u00f3w, kt\u00f3re pozwala\u0142y by&nbsp;na&nbsp;poprawne jej spozycjonowanie. Gdy zapyta\u0142em si\u0119 wydawcy o&nbsp;te&nbsp;parametry, dowiedzia\u0142em si\u0119, \u017ce&nbsp;informacja na mapie nie jest prawdziwa!! Poprawne parametry to: &#8222;WGS 84&#8221; i &#8222;Latitude\/Longitude&#8221;. Na domiar z\u0142ego siatka na mapie jest \u017ale opisana. Oczywi\u015bcie mo\u017ce nie ma to specjalnego znaczenia, czy przy linii siatki piszemy 34 stopnie, czy 35 stopni, ale&#8230;<\/p>\n\n\n\n<p class=\"has-small-font-size\">W Ugandzie oka\u017ce si\u0119, na ile wiarygodne s\u0105 pozosta\u0142e informacje zamieszczone na mapie przez <strong>International Travel Maps<\/strong>.<\/p>\n<\/div><\/div>\n\n\n\n<div class=\"wp-block-media-text is-stacked-on-mobile is-vertically-aligned-top\" style=\"grid-template-columns:19% auto\"><figure class=\"wp-block-media-text__media\"><img loading=\"lazy\" decoding=\"async\" width=\"300\" height=\"500\" src=\"http:\/\/www.ondokeo.net\/wp-content\/uploads\/2024\/02\/unnamed-4.jpg\" alt=\"\" class=\"wp-image-2525 size-full\" srcset=\"https:\/\/www.ondokeo.net\/wp-content\/uploads\/2024\/02\/unnamed-4.jpg 300w, https:\/\/www.ondokeo.net\/wp-content\/uploads\/2024\/02\/unnamed-4-180x300.jpg 180w\" sizes=\"auto, (max-width: 300px) 100vw, 300px\" \/><\/figure><div class=\"wp-block-media-text__content\">\n<p><strong>Uganda Traveller&#8217;s Map<\/strong><\/p>\n\n\n\n<p class=\"has-small-font-size\">Macmillan, skala: 1:1.350.000<\/p>\n\n\n\n<p class=\"has-small-font-size\">Wydanie zawiera na jednej stronie map\u0119 Ugandy, na drugiej mapki: <strong>Murchison Falls National Park<\/strong> (skala 1:420.000), <strong>Queen Elizabeth National Park<\/strong> (skala 1:360.000), <strong>Rwenzori Mountains<\/strong> (skala 1:610.000), plan centrum <strong>Kampali<\/strong> (skala 1:15.000) oraz mapk\u0119 okolic <strong>Kampali<\/strong> i <strong>Entebe<\/strong> (skala 1:250.000). Mapkom park\u00f3w narodowych towarzysz\u0105 ich kr\u00f3tkie opisy.<\/p>\n<\/div><\/div>\n\n\n\n<h4 class=\"wp-block-heading\">Mapy szczeg\u00f3\u0142owe<\/h4>\n\n\n\n<div class=\"wp-block-media-text is-stacked-on-mobile is-vertically-aligned-top\" style=\"grid-template-columns:19% auto\"><figure class=\"wp-block-media-text__media\"><img loading=\"lazy\" decoding=\"async\" width=\"252\" height=\"500\" src=\"http:\/\/www.ondokeo.net\/wp-content\/uploads\/2024\/02\/unnamed-2.jpg\" alt=\"\" class=\"wp-image-2521 size-full\" srcset=\"https:\/\/www.ondokeo.net\/wp-content\/uploads\/2024\/02\/unnamed-2.jpg 252w, https:\/\/www.ondokeo.net\/wp-content\/uploads\/2024\/02\/unnamed-2-151x300.jpg 151w\" sizes=\"auto, (max-width: 252px) 100vw, 252px\" \/><\/figure><div class=\"wp-block-media-text__content\">\n<p><strong>Ngorongoro Conservation Area Tourist Map &amp; Guide<\/strong><\/p>\n\n\n\n<p class=\"has-small-font-size\">Harms ic Verlag, skala: 1:230.000 oraz 1:60.000<\/p>\n\n\n\n<p class=\"has-small-font-size\">Wydanie zawiera z&nbsp;jednej strony map\u0119 Parku Narodowego w&nbsp;skali&nbsp;1:230.000. Z&nbsp;drugiej strony, mapk\u0119 samego krateru w&nbsp;skali&nbsp;1:60.000, opis rezerwatu i&nbsp;zasady dotycz\u0105ce poruszania si\u0119 w&nbsp;rezerwacie i&nbsp;post\u0119powania w&nbsp;rezerwacie i&nbsp;wewn\u0105trz samego krateru.<\/p>\n<\/div><\/div>\n\n\n\n<div class=\"wp-block-media-text is-stacked-on-mobile is-vertically-aligned-top\" style=\"grid-template-columns:19% auto\"><figure class=\"wp-block-media-text__media\"><img loading=\"lazy\" decoding=\"async\" width=\"57\" height=\"112\" src=\"http:\/\/www.ondokeo.net\/wp-content\/uploads\/2024\/02\/manyara.jpg\" alt=\"\" class=\"wp-image-1303 size-full\"\/><\/figure><div class=\"wp-block-media-text__content\">\n<p><strong>Lake Manyara National Park Tourist Map &amp; Guide<\/strong><\/p>\n\n\n\n<p class=\"has-small-font-size\">harms ic verlag, skala: 1:100.000<\/p>\n\n\n\n<p class=\"has-small-font-size\">Wydanie zawiera z&nbsp;jednej strony map\u0119 Parku Narodowego w&nbsp;skali&nbsp;1:230.000. Z&nbsp;drugiej strony, mapk\u0119 samego krateru w&nbsp;skali&nbsp;1:60.000, opis rezerwatu i&nbsp;zasady dotycz\u0105ce poruszania si\u0119 w&nbsp;rezerwacie i&nbsp;post\u0119powania w&nbsp;rezerwacie i&nbsp;wewn\u0105trz samego krateru.<\/p>\n<\/div><\/div>\n","protected":false},"excerpt":{"rendered":"<p>Marzec&nbsp;2006 Mapy topograficzne Jako mapy topograficzne planuj\u0119 wykorzysta\u0107, sprawdzone ju\u017c w&nbsp;Maroku, ameryka\u0144skie mapy TPC. TPC L-5C Miniaturka mapy TPC L-5C ze&nbsp;wst\u0119pnie planowana tras\u0105: TPC M-4B PC M-5A TPC M-5B TPC M-5D Luty&nbsp;2006 Mapy turystyczne Kenia Raise Know-How, skala: 1:950.000 Dwustronna mapa wydana na&nbsp;specjalnym, odpornym na&nbsp;rozdarcie papierze. Dost\u0119pna jest r\u00f3wnie\u017c w&nbsp;wersji elektronicznej, gotowa do&nbsp;za\u0142adowania do&nbsp;OziExplorera. Jedynym&#8230;<\/p>\n","protected":false},"author":1,"featured_media":0,"parent":1239,"menu_order":0,"comment_status":"closed","ping_status":"closed","template":"page-right-sidebar-template","meta":{"pgc_sgb_lightbox_settings":"","footnotes":""},"class_list":["post-1262","page","type-page","status-publish","hentry"],"_links":{"self":[{"href":"https:\/\/www.ondokeo.net\/index.php\/wp-json\/wp\/v2\/pages\/1262","targetHints":{"allow":["GET"]}}],"collection":[{"href":"https:\/\/www.ondokeo.net\/index.php\/wp-json\/wp\/v2\/pages"}],"about":[{"href":"https:\/\/www.ondokeo.net\/index.php\/wp-json\/wp\/v2\/types\/page"}],"author":[{"embeddable":true,"href":"https:\/\/www.ondokeo.net\/index.php\/wp-json\/wp\/v2\/users\/1"}],"replies":[{"embeddable":true,"href":"https:\/\/www.ondokeo.net\/index.php\/wp-json\/wp\/v2\/comments?post=1262"}],"version-history":[{"count":15,"href":"https:\/\/www.ondokeo.net\/index.php\/wp-json\/wp\/v2\/pages\/1262\/revisions"}],"predecessor-version":[{"id":4121,"href":"https:\/\/www.ondokeo.net\/index.php\/wp-json\/wp\/v2\/pages\/1262\/revisions\/4121"}],"up":[{"embeddable":true,"href":"https:\/\/www.ondokeo.net\/index.php\/wp-json\/wp\/v2\/pages\/1239"}],"wp:attachment":[{"href":"https:\/\/www.ondokeo.net\/index.php\/wp-json\/wp\/v2\/media?parent=1262"}],"curies":[{"name":"wp","href":"https:\/\/api.w.org\/{rel}","templated":true}]}}