{"id":1321,"date":"2024-02-03T19:31:34","date_gmt":"2024-02-03T18:31:34","guid":{"rendered":"http:\/\/www.ondokeo.net\/ondokeo_new\/?page_id=1321"},"modified":"2024-02-11T20:41:17","modified_gmt":"2024-02-11T19:41:17","slug":"po-wyprawie-nasze-opinie","status":"publish","type":"page","link":"https:\/\/www.ondokeo.net\/index.php\/wyprawy\/serengeti\/po-wyprawie\/po-wyprawie-nasze-opinie\/","title":{"rendered":"Nasze opinie"},"content":{"rendered":"\n<h5 class=\"wp-block-heading\">Sierpie\u0144 2006<\/h5>\n\n\n\n<h4 class=\"wp-block-heading\">Nasze opinie o w\u0142asnej wyprawie<\/h4>\n\n\n\n<h5 class=\"wp-block-heading\">Czy warto?<\/h5>\n\n\n\n<p>Wyprawa taka jak nasza to\u00a0wiele wysi\u0142ku, spore pieni\u0105dze i\u00a0jak si\u0119 okaza\u0142o &#8211; wiele straconych nerw\u00f3w. Bardzo wiele czasu sp\u0119dzili\u015bmy analizuj\u0105c koszy i\u00a0warto\u015bci poznawcze naszej wyprawy i\u00a0mo\u017cemy ju\u017c odpowiedzie\u0107, \u017ce ten wysi\u0142ek mia\u0142 sens.<\/p>\n\n\n\n<p>S\u0105dzimy, \u017ce\u00a0najwi\u0119ksz\u0105 warto\u015b\u0107 ma weryfikacja w\u0142asnych wyobra\u017ce\u0144 o\u00a0miejscach kt\u00f3re si\u0119 odwiedza. Przez lata kszta\u0142tujemy w\u00a0sobie opinie, s\u0142uchamy opowiada\u0144 innych, czytamy, ogl\u0105damy filmy. Zawsze jednak budujemy w\u00a0sobie obraz, kt\u00f3ry nie zweryfikowany, nie mo\u017ce by\u0107 prawdziwy.<\/p>\n\n\n\n<p>Jak\u0105 Afryk\u0119 poznali\u015bmy?<br>Z pewno\u015bci\u0105 Afryk\u0119 niewiarygodnie pi\u0119knych krajobraz\u00f3w. Afryk\u0119 wspania\u0142ych, ci\u0105gle dziko \u017cyj\u0105cych zwierz\u0105t.<br>Niestety, poznali\u015bmy r\u00f3wnie\u017c Afryk\u0119 niechlujnych, \u017cyj\u0105cych w\u00a0brudzie, leniwych ludzi.<br>Z\u00a0ka\u017cdego z\u00a0tych powod\u00f3w &#8211; warto by\u0142o przygotowa\u0107 taki wyjazd i\u00a0pojecha\u0107.<\/p>\n\n\n\n<p>Je\u015bli kto\u015b zastanawia si\u0119 nad odwiedzeniem Afryki wschodniej &#8211; polecamy. Chyba nie jest to\u00a0jednak miejsce dla mi\u0142o\u015bnik\u00f3w poznawania miejscowej, starej, bogatej, narodowej kultury. S\u0105\u00a0to\u00a0kraje tylko dla os\u00f3b pragn\u0105cych zobaczy\u0107 jedne z\u00a0ostatnich na\u00a0Ziemi miejsc w\u00a0kt\u00f3rych przyroda robi wra\u017cenie, jak gdyby by\u0142a nietkni\u0119ta ludzk\u0105 r\u0119ka. Tych miejsc trzeba jednak szuka\u0107. Przekonali\u015bmy si\u0119 sami, \u017ce\u00a0pi\u0119kna Afryka wschodnia, to\u00a0prawie wy\u0142\u0105cznie ta\u00a0schowana w\u00a0parkach narodowych i\u00a0rezerwatach.<\/p>\n\n\n\n<h5 class=\"wp-block-heading\">Kultura Afryki wschodniej<\/h5>\n\n\n\n<p>Miasteczka i\u00a0wioski s\u0105\u00a0nudne i\u00a0kompletnie nijakie. Jedyne co\u00a0w\u00a0nich wida\u0107 to\u00a0rozsypuj\u0105ce si\u0119 lepianki, rozwalaj\u0105ce si\u0119 stragany, sklepy spo\u017cywcze z\u00a0ko\u015blawymi r\u0119cznie malowanymi logami CocaColi, prymitywne warsztaty samochodowe pe\u0142ne z\u0142omu od\u00a0dziesi\u0119cioleci zmuszanego do\u00a0dalszej pracy. Ot\u00a0taki obrazek. Przy drodze, na\u00a0straganie z\u00a0kilku patyk\u00f3w czy desek z\u00a0daszkiem z\u00a0resztek palmowych li\u015bci lub kawa\u0142ka zardzewia\u0142ej blachy, sprzedaje kto\u015b owoce, czy warzywa. Zazwyczaj s\u0105 stare, brzydkie, poobijane. Mimo wycierania jak\u0105\u015b szmat\u0105 &#8211; brudne.<\/p>\n\n\n\n<p>W\u00a0Afryce wschodniej trudno znale\u017a\u0107 najmniejsze nawet \u015blady historii czy kultury narodowej. To,\u00a0co\u00a0rzuca si\u0119 w\u00a0oczy to\u00a0jedynie prymitywno\u015b\u0107 i\u00a0tymczasowo\u015b\u0107 wszystkiego co\u00a0tworz\u0105 ludzie. Ten obraz tak bardzo odbiega od\u00a0naszych obserwacji z\u00a0Maroka. Nawet w\u00a0ma\u0142ych miasteczkach spotykali\u015bmy tam pi\u0119kne, kilkusetletnie medyny z\u00a0\u0142a\u017aniami, meczetami i\u00a0koranicznymi szko\u0142ami. Dawa\u0142o to\u00a0poczucie wielko\u015bci i\u00a0trwa\u0142o\u015bci wiekowej kultury, a wr\u0119cz dumy narodowej \u017cyj\u0105cych w\u00a0nich mieszka\u0144c\u00f3w. W\u00a0Afryce wschodniej, jedynie p\u00f3\u0142nocna Uganda uj\u0119\u0142a nas czysto\u015bci\u0105 i\u00a0barwno\u015bci\u0105.<\/p>\n\n\n\n<h5 class=\"wp-block-heading\">Ludzie w\u00a0Afryce wschodniej<\/h5>\n\n\n\n<p>W\u00a0stosunkach bezpo\u015brednich, Kenijczycy, Ugandyjczycy i\u00a0Tanza\u0144czycy s\u0105\u00a0szalenie mili. Jako biali kr\u0105\u017c\u0105cy w\u00a0miejscach nie cz\u0119sto odwiedzanych przez turyst\u00f3w, byli\u015bmy natychmiast wy\u0142awiani z\u00a0t\u0142umu, pozdrawiani okrzykiem Jumbo! Gdyby zatrzymywa\u0107 si\u0119 przy ka\u017cdym kto macha do\u00a0nas z\u00a0u\u015bmiechem nie zaszliby\u015bmy daleko :-). Cz\u0119sto kto\u015b zaczepia\u0142 nas, pyta\u0142 z\u00a0jakiego kraju przyjechali\u015bmy, jak d\u0142ugo tu\u00a0ju\u017c jeste\u015bmy, jak nam si\u0119 tu\u00a0podoba. Kt\u00f3ry z\u00a0odwiedzonych kraj\u00f3w jest naj\u0142adniejszy? Czasem oferuje TAXI, czasem Safari, najcz\u0119\u015bciej jedynie chce porozmawia\u0107. Jedynie kilkakrotnie podesz\u0142y do\u00a0nas dzieci i\u00a0bardzo grzecznie po\u00a0angielsku prosi\u0142y o\u00a0jedzenie lub przybory do\u00a0szko\u0142y. Akurat jedzenia, notes\u00f3w i\u00a0d\u0142ugopis\u00f3w mieli\u015bmy pod dostatkiem. Tylko w\u00a0Mombasie byli\u015bmy natarczywie zaczepiani przez \u017cebrz\u0105ce dzieci.<\/p>\n\n\n\n<p>W miejscach gdzie si\u0119 zatrzymywali\u015bmy na noc, miejscowi sp\u0119dzali z\u00a0nami wiele czasu. Oczywi\u015bcie wypytuj\u0105c o\u00a0wszystko, ale i\u00a0opowiadaj\u0105c z\u00a0dum\u0105 o\u00a0swoim kempingu, czy hotelu. Dopytuj\u0105 si\u0119 gdzie ju\u017c byli\u015bmy, gdzie nocowali\u015bmy, co\u00a0nam si\u0119 podoba\u0142o? Najcz\u0119\u015bciej przedstawiaj\u0105 si\u0119 z\u00a0imienia i\u00a0pytaj\u0105 o\u00a0nasze imiona, cz\u0119sto po\u00a0chwili, a\u00a0nawet nast\u0119pnego dnia rano, sprawdzaj\u0105 czy pami\u0119tamy jeszcze ich imi\u0119, tak jak gdyby chcieli sobie zagwarantowa\u0107, \u017ce\u00a0pami\u0119\u0107 o nich pozostanie gdzie\u015b w Europie.<\/p>\n\n\n\n<p>Wiele os\u00f3b o\u00a0bardzo wiele pyta. Przewodnicy, czy stra\u017cnicy w\u00a0parkach chc\u0105 si\u0119 nauczy\u0107 cho\u0107 kilku s\u0142\u00f3w po polsku. W Lake Manyara National Park w Tanzanii, przewodnik wo\u017c\u0105cy na co dzie\u0144 turyst\u00f3w spyta\u0142 si\u0119 z jakiego kraju przyjechali\u015bmy. Us\u0142yszawszy s\u0142owo Polska, powoli z namys\u0142em wymienia kolejno: Papie\u017c, Walesa, Popieluszko, Gdansk, Warszawa. Nie dziwi nas to, wszak Polacy przyje\u017cd\u017caj\u0105 do Afryki. Okazuje si\u0119 jednak, \u017ce jeste\u015bmy pierwszymi Polakami, z kt\u00f3rymi si\u0119 spotka\u0142. Cz\u0119sto jednak s\u0142owo Polska nic nie m\u00f3wi; wyja\u015bniamy w\u00f3wczas gdzie w europie le\u017cy nasza Ojczyzna.<\/p>\n\n\n\n<p>Gdy po miesi\u0105cu podr\u00f3\u017cowania po Kenii, Ugandzie i Tanzanii wr\u00f3cili\u015bmy do Mombas i spotkali\u015bmy si\u0119 z pracownikami Maritime Freight, znowu jak w pierwszych dnia naszego pobytu w Afryce &#8211; usilnie dopytywali si\u0119 o nasze opinie o spotykanych ludziach. Ze zdziwieniem reagowali na pozytywne komentarze. Wreszcie uzgodnili wsp\u00f3ln\u0105 decyzje &#8211; postanowili co\u015b nam wyja\u015bni\u0107. Wg nich, Afrykanie zdecydowanie nie s\u0105 sympatycznie czy mili. Wprost przeciwnie, s\u0105 niegrzeczni i nieuczciwi; a zachowania z kt\u00f3rymi si\u0119 spotykali\u015bmy to jedynie efekt, kodowanego przez wieki, pod\u015bwiadomego odruchu, \u017ce w stosunku do bia\u0142ego cz\u0142owieka trzeba by\u0107 grzecznym. \u017be w\u0142asny los od tego w\u0142a\u015bnie zale\u017cy. Obaj nasi rozm\u00f3wcy s\u0105 hindusami.<\/p>\n\n\n\n<h5 class=\"wp-block-heading\">Co nas zaskoczy\u0142o?<\/h5>\n\n\n\n<p>Kojarzenie Afryki tylko z upa\u0142ami i susz\u0105 nie jest s\u0142uszne, to wiedzieli\u015bmy doskonale. Zima 2006 roku by\u0142a jednak zaskoczeniem nawet dla mieszka\u0144c\u00f3w kraj\u00f3w, kt\u00f3re odwiedzali\u015bmy. Afrykanie cieszyli si\u0119, to podobno pierwsza zima od lat, kiedy by\u0142a ni\u017csza temperatura. Kilkakrotnie pada\u0142 deszcz. Prawie codziennie by\u0142o bardzo pochmurno. Noc\u0105 temperatura spada\u0142a nawet do 10 stopni. W dzie\u0144, ciep\u0142o robi\u0142o si\u0119 dopiero ko\u0142o po\u0142udnia. Maksymalna temperatura, kt\u00f3r\u0105 zarejestrowali\u015bmy to jednak 38,2 st. C.<\/p>\n\n\n\n<p>Nie uda\u0142o nam si\u0119 zobaczy\u0107 wszystkich gatunk\u00f3w zwierz\u0105t, kt\u00f3rych si\u0119 spodziewali\u015bmy.<\/p>\n\n\n\n<p>Najwi\u0119kszy jest k\u0142opot ze znalezieniem w Parkach Narodowych drapie\u017cnik\u00f3w. Trafili\u015bmy dwa razy na lwy &#8211; w kraterze Ngorongoro oraz w Masaai Mara. Raz na Gepardy w Masaai Mara oraz dwa razy na Hieny w kraterze Ngorongoro. Na kempingu w Kibale Forest National Park w Ugandzie odwiedzi\u0142 nas Afryka\u0144ski Dziki Kot. Nigdzie nie zobaczyli\u015bmy nosoro\u017cc\u00f3w.<\/p>\n\n\n\n<p>Wiemy jednak, \u017ce nawet tury\u015bci korzystaj\u0105cy w parkach z przewodnik\u00f3w nie zawsze widzieli wszystkie zwierz\u0119ta. W Serengeti na kempingu Dik-Dik, gdy wieczorem przegl\u0105dali\u015bmy zrobione tego dnia zdj\u0119cia, przysiad\u0142a si\u0119 do nas ameryka\u0144ska turystka. By\u0142a zaskoczona mnogo\u015bci\u0105 spotkanych przez nas zwierz\u0105t. Ogl\u0105da\u0142a na naszych zdj\u0119ciach zwierz\u0119ta, kt\u00f3rych nie widzia\u0142a mimo je\u017cd\u017cenia po Serengeti w\u0142a\u015bnie z przewodnikiem.<\/p>\n\n\n\n<p>Gdy wyje\u017cd\u017ca si\u0119 latem, pod\u015bwiadomie zak\u0142ada si\u0119 jednak, \u017ce dzie\u0144 jest d\u0142ugi, \u017ce b\u0119dzie si\u0119 ma\u0142o czas od \u015bwitu o 5 rano, do zmroku o 21. Oczywi\u015bcie nie jest to prawd\u0105. W okolicy r\u00f3wnika, jasno robi\u0142o si\u0119 ok. 7 rano, a ciemno o 19. W efekcie mieli\u015bmy zdecydowanie mniej czasu, ni\u017c zak\u0142adali\u015bmy. Kr\u00f3tki dzie\u0144 w po\u0142\u0105czeniu ze strat\u0105 kilku dni w porcie w Mombasie zaowocowa\u0142 nam ci\u0105g\u0142ym kumulowaniem si\u0119 niewykonanych prac. Notatki, pisanie polskich i angielskich tekst\u00f3w dla Ondokeo, zgrywanie zdj\u0119\u0107 z kart aparat\u00f3w fotograficznych i nagrywanie p\u0142ytek DVD ze zdj\u0119ciami, cz\u0119sto by\u0142y operacjami robionymi wieczorem po ciemku, przy latarni, czy latarkach.<\/p>\n\n\n\n<p>Afryka wschodnia to tereny na kt\u00f3rych mieszka ogromna liczba ludzi. Je\u015bli kto\u015b spodziewa si\u0119 bezkresnej pustki wzd\u0142u\u017c pokonywanych dr\u00f3g &#8211;  poza Parkami Narodowymi &#8211; zawiedzie si\u0119.<\/p>\n","protected":false},"excerpt":{"rendered":"<p>Sierpie\u0144 2006 Nasze opinie o w\u0142asnej wyprawie Czy warto? Wyprawa taka jak nasza to\u00a0wiele wysi\u0142ku, spore pieni\u0105dze i\u00a0jak si\u0119 okaza\u0142o &#8211; wiele straconych nerw\u00f3w. Bardzo wiele czasu sp\u0119dzili\u015bmy analizuj\u0105c koszy i\u00a0warto\u015bci poznawcze naszej wyprawy i\u00a0mo\u017cemy ju\u017c odpowiedzie\u0107, \u017ce ten wysi\u0142ek mia\u0142 sens. S\u0105dzimy, \u017ce\u00a0najwi\u0119ksz\u0105 warto\u015b\u0107 ma weryfikacja w\u0142asnych wyobra\u017ce\u0144 o\u00a0miejscach kt\u00f3re si\u0119 odwiedza. Przez lata&#8230;<\/p>\n","protected":false},"author":1,"featured_media":0,"parent":1328,"menu_order":0,"comment_status":"closed","ping_status":"closed","template":"page-right-sidebar-template","meta":{"pgc_sgb_lightbox_settings":"","footnotes":""},"class_list":["post-1321","page","type-page","status-publish","hentry"],"_links":{"self":[{"href":"https:\/\/www.ondokeo.net\/index.php\/wp-json\/wp\/v2\/pages\/1321","targetHints":{"allow":["GET"]}}],"collection":[{"href":"https:\/\/www.ondokeo.net\/index.php\/wp-json\/wp\/v2\/pages"}],"about":[{"href":"https:\/\/www.ondokeo.net\/index.php\/wp-json\/wp\/v2\/types\/page"}],"author":[{"embeddable":true,"href":"https:\/\/www.ondokeo.net\/index.php\/wp-json\/wp\/v2\/users\/1"}],"replies":[{"embeddable":true,"href":"https:\/\/www.ondokeo.net\/index.php\/wp-json\/wp\/v2\/comments?post=1321"}],"version-history":[{"count":3,"href":"https:\/\/www.ondokeo.net\/index.php\/wp-json\/wp\/v2\/pages\/1321\/revisions"}],"predecessor-version":[{"id":1668,"href":"https:\/\/www.ondokeo.net\/index.php\/wp-json\/wp\/v2\/pages\/1321\/revisions\/1668"}],"up":[{"embeddable":true,"href":"https:\/\/www.ondokeo.net\/index.php\/wp-json\/wp\/v2\/pages\/1328"}],"wp:attachment":[{"href":"https:\/\/www.ondokeo.net\/index.php\/wp-json\/wp\/v2\/media?parent=1321"}],"curies":[{"name":"wp","href":"https:\/\/api.w.org\/{rel}","templated":true}]}}