{"id":1326,"date":"2024-02-03T19:33:48","date_gmt":"2024-02-03T18:33:48","guid":{"rendered":"http:\/\/www.ondokeo.net\/ondokeo_new\/?page_id=1326"},"modified":"2024-02-03T21:40:39","modified_gmt":"2024-02-03T20:40:39","slug":"noclegi","status":"publish","type":"page","link":"https:\/\/www.ondokeo.net\/index.php\/wyprawy\/serengeti\/po-wyprawie\/noclegi\/","title":{"rendered":"Noclegi"},"content":{"rendered":"\n<h5 class=\"wp-block-heading\">Sierpie\u0144 2006<\/h5>\n\n\n\n<h4 class=\"wp-block-heading\">Noclegi<\/h4>\n\n\n\n<h5 class=\"wp-block-heading\">Kenia<\/h5>\n\n\n\n<ul class=\"wp-block-list\">\n<li class=\"has-hanken-grotesk-font-family\">01 &#8211; 19-07 &#8211; Daba City Guest Hotel w Mombasie (700 KSh\/2 osoby)<\/li>\n\n\n\n<li class=\"has-hanken-grotesk-font-family\">02 &#8211; 20-07 &#8211; Manson Hotel w Mombasie (1250 KSh\/ 2 osobowy pok\u00f3j)<\/li>\n\n\n\n<li class=\"has-hanken-grotesk-font-family\">03 &#8211; 21-07 &#8211; Manson Hotel w Mombasie (1250 KSh\/ 2 osobowy pok\u00f3j)<\/li>\n\n\n\n<li class=\"has-hanken-grotesk-font-family\">04 &#8211; 22-07 &#8211; Manson Hotel w Mombasie (1250 KSh\/ 2 osobowy pok\u00f3j)<\/li>\n\n\n\n<li class=\"has-hanken-grotesk-font-family\">05 &#8211; 23-07 &#8211; Manson Hotel w Mombasie (1250 KSh\/ 2 osobowy pok\u00f3j)<\/li>\n\n\n\n<li class=\"has-hanken-grotesk-font-family\">06 &#8211; 24-07 &#8211; Sagala Lodge camp (350 KSh \/ osob\u0119)<\/li>\n\n\n\n<li class=\"has-hanken-grotesk-font-family\">07 &#8211; 25-07 &#8211; Upper Hills Camp Nairobi (300 KSh \/ osob\u0119 + 50 KSh \/ samoch\u00f3d)<\/li>\n\n\n\n<li class=\"has-hanken-grotesk-font-family\">08 &#8211; 26-07 &#8211; Fishermans camp nad jeziorem Naivasha (200 KSh \/ osob\u0119)<\/li>\n\n\n\n<li class=\"has-hanken-grotesk-font-family\">09 &#8211; 27-07 &#8211; Naiberi River Camp niedaleko Eldoret (300 KSh \/ osob\u0119)<\/li>\n<\/ul>\n\n\n\n<h5 class=\"wp-block-heading\">Uganda<\/h5>\n\n\n\n<ul class=\"wp-block-list\">\n<li class=\"has-hanken-grotesk-font-family\">10 &#8211; 28-07 &#8211; Explorers Backpackers w Jinja (9USD \/ Osob\u0119)<\/li>\n\n\n\n<li class=\"has-hanken-grotesk-font-family\">11 &#8211; 29-07 &#8211; Backpackers Camp w Kampali (7000 USh \/ osob\u0119)<\/li>\n\n\n\n<li class=\"has-hanken-grotesk-font-family\">12 &#8211; 30-07 &#8211; Kemping przy Masindi Hotel w Masindi (7000 USh \/ osob\u0119)<\/li>\n\n\n\n<li class=\"has-hanken-grotesk-font-family\">13 &#8211; 31-07 &#8211; Red Chili w Murchison Falls National Park (10 tys USh \/ osob\u0119)<\/li>\n\n\n\n<li class=\"has-hanken-grotesk-font-family\">14 &#8211; 01-08 &#8211; Red Chili w Murchison Falls National Park (10 tys USh \/ osob\u0119)<\/li>\n\n\n\n<li class=\"has-hanken-grotesk-font-family\">15 &#8211; 02-08 &#8211; Kemping obok jaski\u0144 Amabere (5 tys USh \/ osob\u0119)<\/li>\n\n\n\n<li class=\"has-hanken-grotesk-font-family\">16 &#8211; 03-08 &#8211; Kemping w Kibale Forest National Park (22 USD \/ 2 osoby doros\u0142e + 2 student\u00f3w)<\/li>\n\n\n\n<li class=\"has-hanken-grotesk-font-family\">17 &#8211; 04-08 &#8211; Kemping w Lake Mburo National Park (20 tys USh \/ osob\u0119)<\/li>\n\n\n\n<li class=\"has-hanken-grotesk-font-family\">18 &#8211; 05-08 &#8211; Kemping w Lake Mburo National Park (20 tys USh \/ osob\u0119)<\/li>\n<\/ul>\n\n\n\n<h5 class=\"wp-block-heading\"><strong>Tanzania<\/strong><\/h5>\n\n\n\n<ul class=\"wp-block-list\">\n<li class=\"has-hanken-grotesk-font-family\">19 &#8211; 06-08 &#8211; O\u015brodek szkoleniowo-konferencyjnym ELCT w Bukobie (30 USD \/ pok\u00f3j 2-osobowy)<\/li>\n\n\n\n<li class=\"has-hanken-grotesk-font-family\">20 &#8211; 07-08 &#8211; Motel w Mwanzie (4 tys TSh \/ osob\u0119)<\/li>\n\n\n\n<li class=\"has-hanken-grotesk-font-family\">21 &#8211; 08-08 &#8211; Dik-Dik Camp w Serengeti (20 USD \/ osob\u0119)<\/li>\n\n\n\n<li class=\"has-hanken-grotesk-font-family\">22 &#8211; 09-08 &#8211; Camp site w Karatu obok NgoroNgoro Conservation Area (5 USD \/ osob\u0119)<\/li>\n\n\n\n<li class=\"has-hanken-grotesk-font-family\">23 &#8211; 10-08 &#8211; Camp site w Karatu obok NgoroNgoro Conservation Area (5 USD \/ osob\u0119)<\/li>\n\n\n\n<li class=\"has-hanken-grotesk-font-family\">24 &#8211; 11-08 &#8211; Camp site w Mto wa Mbu (8 USD \/ osob\u0119)<\/li>\n<\/ul>\n\n\n\n<h5 class=\"wp-block-heading\"><strong>Kenia<\/strong><\/h5>\n\n\n\n<ul class=\"wp-block-list\">\n<li class=\"has-hanken-grotesk-font-family\">25 &#8211; 12-08 &#8211; Upper Hills Camp Nairobi (300 KSh \/ osob\u0119 + 50 KSh \/ samoch\u00f3d)<\/li>\n\n\n\n<li class=\"has-hanken-grotesk-font-family\">26 &#8211; 13-08 &#8211; Public Camp Site przed Sekenani Gate (500 TSh \/ osob\u0119)<\/li>\n\n\n\n<li class=\"has-hanken-grotesk-font-family\">27 &#8211; 14-08 &#8211; Oloololo Camp site w Maasai Mara Game Reserve (10 USD \/ osob\u0119 doros\u0142\u0105 + 5 USD \/ studenta)<\/li>\n\n\n\n<li class=\"has-hanken-grotesk-font-family\">28 &#8211; 15-08 &#8211; Upper Hills Camp Nairobi (300 KSh \/ osob\u0119 + 50 KSh \/ samoch\u00f3d)<\/li>\n\n\n\n<li class=\"has-hanken-grotesk-font-family\">29 &#8211; 16-08 &#8211; Sagala Lodge camp (350 KSh \/ osob\u0119)<\/li>\n\n\n\n<li class=\"has-hanken-grotesk-font-family\">30 &#8211; 17-08 &#8211; Manson Hotel w Mombasie (1250 KSh\/ 2 osobowy pok\u00f3j)<\/li>\n\n\n\n<li class=\"has-hanken-grotesk-font-family\">31 &#8211; 18-08 &#8211; Manson Hotel w Mombasie (1250 KSh\/ 2 osobowy pok\u00f3j)<\/li>\n\n\n\n<li class=\"has-hanken-grotesk-font-family\">32 &#8211; 19-08 &#8211; Manson Hotel w Mombasie (1250 KSh\/ 2 osobowy pok\u00f3j)<\/li>\n\n\n\n<li class=\"has-hanken-grotesk-font-family\">33 &#8211; 20-08 &#8211; Manson Hotel w Mombasie (1250 KSh\/ 2 osobowy pok\u00f3j)<\/li>\n\n\n\n<li class=\"has-hanken-grotesk-font-family\">34 &#8211; 21-08 &#8211; Manson Hotel w Mombasie (1250 KSh\/ 2 osobowy pok\u00f3j)<\/li>\n\n\n\n<li class=\"has-hanken-grotesk-font-family\">35 &#8211; 22-08 &#8211; Samagad Hotel w Nairobi (6300 KSh \/ 4 osoby)<\/li>\n<\/ul>\n\n\n\n<h4 class=\"wp-block-heading\">Koszty nocleg\u00f3w<\/h4>\n\n\n\n<p>Gdy korzysta si\u0119 z kemping\u00f3w, noclegi nie s\u0105 znacz\u0105cym elementem koszt\u00f3w pobytu w odwiedzonych krajach. Jedynie faktycznie drogie kempingi to najcz\u0119\u015bciej kempingi na terenie Park\u00f3w Narodowych i rezerwat\u00f3w. Tylko kilkakrotnie i tylko na kempingach w Parkach Narodowych uda\u0142o nam si\u0119 skorzysta\u0107 ze zni\u017cek dla m\u0142odzie\u017cy lub student\u00f3w. Tylko na Upper Hills Camp w Nairobi osobno liczony jest koszt wjechania na kemping samochodu. Przy analizowaniu podanych wy\u017cej cen hoteli i\u00a0kemping\u00f3w potrzebne jest oczywi\u015bcie przeliczenie walut. W\u00a0czasie naszej wyprawy, warto\u015b\u0107 1\u00a0dolara ameryka\u0144skiego mia\u0142o: 78\u00a0<strong>KSh<\/strong>, czyli kenijskich szyling\u00f3w, ok. 1800\u00a0<strong>USh<\/strong>, &#8211; szyling\u00f3w w Ugandzie oraz 1050\u00a0<strong>TSh<\/strong>, czyli szyling\u00f3w w Tanzanii.<\/p>\n\n\n\n<p>Naszych 35 nocleg\u00f3w sp\u0119dzili\u015bmy za \u0142\u0105czn\u0105 kwot\u0119 ok. 1275 USD, czyli ok. 4080 PLN. Daje to 29 PLN za\u00a0jeden nocleg za osob\u0119.<\/p>\n\n\n\n<h4 class=\"wp-block-heading\">Nasze opinie o miejscach, w kt\u00f3rych sp\u0119dzali\u015bmy noce<\/h4>\n\n\n\n<p>Spali\u015bmy w\u00a0bardzo r\u00f3\u017cnych warunkach. W pierwszych i ostatnich dniach wyprawy, czyli przed odebraniem samochodu i ju\u017c po jego zapakowaniu do kontenera musieli\u015bmy spa\u0107 w hotelach. R\u00f3wnie\u017c po przekroczeniu granicy Ugandy i Tanzanii musieli\u015bmy sp\u0119dzi\u0107 dwie noce w hotelach w Bukobie i w Mwanzie. S\u0105 to tereny, na kt\u00f3rych nie ma Park\u00f3w Narodowych, czy rezerwat\u00f3w, a wi\u0119c nie ma kemping\u00f3w.<\/p>\n\n\n\n<p>By u\u0142atwi\u0107 innym znalezienie i wyb\u00f3r kempingu, opisali\u015bmy je i wystawili\u015bmy im ocen\u0119. Jedna gwiazdka &#8211; unikaj; pi\u0119\u0107 gwiazdek &#8211; miejsce zdecydowanie warte odwiedzenia.\u00a0<\/p>\n\n\n\n<h5 class=\"wp-block-heading\">Kenia<\/h5>\n\n\n\n<ul class=\"wp-block-list\">\n<li><strong>Daba City Guest Hotel w Mombasie (*)<\/strong><br>Specyficzne miejsce wymagaj\u0105ce du\u017cej odwagi, by sp\u0119dzi\u0107 w nim noc. Gdyby nie to, \u017ce naiwnie wierzyli\u015bmy jeszcze, \u017ce to nasza jedyna noc w Mombasie, z pewno\u015bci\u0105 nie zdecydowali by\u015bmy si\u0119 na ten hotel. Hotel mie\u015bci si\u0119 w starym, kilkupi\u0119trowym budynku tu\u017c przy placu, na kt\u00f3rym rano pojawi\u0142y si\u0119 setki matatu i autobus\u00f3w.<\/li>\n\n\n\n<li><strong>Manson Hotel w Mombasie (***)<\/strong><br>Hotel opisany w przewodnikach jako &#8222;lepszy&#8221;. Faktycznie czysty, z klimatyzowanymi i nieklimatyzowanymi pokojami, codziennie zmienian\u0105 po\u015bciel\u0105 i r\u0119cznikami. W \u0142azienkach zwyk\u0142e kibelki oraz umywalki i&nbsp;prysznice z&nbsp;zawsze ciep\u0142\u0105 wod\u0105. W&nbsp;miar\u0119 dobra i&nbsp;niedroga restauracja. Czasami dzia\u0142a\u0142 w&nbsp;hotelu komputer, dzi\u0119ki kt\u00f3remu mo\u017cna by\u0142o si\u0119 dosta\u0107 do Internetu. Po\u0142\u0105czenie by\u0142o jednak zdecydowanie dro\u017csze ni\u017c w&nbsp;kawiarenkach w&nbsp;mie\u015bcie.<\/li>\n\n\n\n<li><strong>Sagala Lodge camp (*****)<\/strong>.<br>Na du\u017cym, ogrodzonym i strze\u017conym terenie zbudowano kilkana\u015bcie parterowych, murowanych bli\u017aniaczych domk\u00f3w z \u0142azienkami oraz restauracj\u0119. W przeciwie\u0144stwie do innych Lodge, w Sagala Lodge mo\u017cna sp\u0119dzi\u0107 noc we w\u0142asnym namiocie. Jako go\u015bcie kempingu, by m\u00f3c korzysta\u0107 z \u0142azienki z ciep\u0142\u0105 wod\u0105, otrzymali\u015bmy klucz do jednego z domk\u00f3w. Od bardzo sympatycznego zarz\u0105dzaj\u0105cego Sagala Lodge nauczyli\u015bmy si\u0119, \u017ce kolczaste krzewy, o kt\u00f3re zaczepiali\u015bmy si\u0119 na terenie Sagal Lodge nazywane s\u0105 &#8222;Stay mee there&#8221;. Krzew\u00f3w tych na terenie, na kt\u00f3rym rozbijali\u015bmy namiot by\u0142o faktycznie wiele, a w po\u0142\u0105czeniu z suchymi trawami, tworzy\u0142y &#8222;dywanik&#8221;, na kt\u00f3rym u\u0142atwieniem w spaniu w namiocie mog\u0142o by\u0107 jedynie pod\u0142o\u017cenie sandplate pod sypialni\u0119 namiotu.<\/li>\n\n\n\n<li><strong>Upper Hills Camp Nairobi (***)<\/strong>.<br>Kemping po\u0142o\u017cony jest w mie\u015bcie. Na bardzo ma\u0142ym terenie, mie\u015bci si\u0119 ma\u0142y budynek z recepcj\u0105, restauracj\u0105 i kilkoma pokojami. Przespa\u0107 si\u0119 mo\u017cna w kilku namiotach rozbitych na sta\u0142e lub we w\u0142asnym, je\u015bli tylko znajdzie si\u0119 jeszcze miejsce by go rozbi\u0107. Spali\u015bmy na tym kempingu trzy noce. Za pierwszym razem stracili\u015bmy wiele czasu, by znale\u017a\u0107 Upper Hills Camp. Za ka\u017cdy nast\u0119pnym razem r\u00f3wnie\u017c docierali\u015bmy do\u0144 ju\u017c po ciemku. Maj\u0105c jednak \u015blad z GPSa, nie stanowi\u0142o to ju\u017c problemu. Zalet\u0105 kempingu jest \u0142adna i mi\u0142a obs\u0142uga. Wad\u0105 Upper Hills Camp jest jego po\u0142o\u017cenie w centrum miasta, obok budowy biurowca, gwarantuj\u0105ce kompletny brak warunk\u00f3w do odpoczynku. W\u0119ze\u0142 sanitarny z faktycznie ciep\u0142\u0105 wod\u0105 w prysznicach i europejskimi kibelkami w kabinach.<\/li>\n\n\n\n<li><strong>Fishermans camp nad jeziorem Naivasha (*****)<\/strong>.<br>Kemping &#8211; ogr\u00f3d po\u0142o\u017cony nad brzegiem Naivasha Lake. Od hipopotam\u00f3w mieszkaj\u0105cych w jeziorze oddziala go\u015bci kempingu elektryczne ogrodzenie. sta\u0142ymi mieszka\u0144cami Fishermans camp s\u0105 ma\u0142py i wiele gatunk\u00f3w ptak\u00f3w. W\u0119ze\u0142 sanitarny to szereg drewnianych kabin prysznicowych z zimna i ciep\u0142\u0105 wod\u0105 oraz kilkana\u015bcie narciarskich s\u0142awojek. Ciep\u0142a woda oczywi\u015bcie podgrzewana jest w zbiorniku pod kt\u00f3rym palony jest ogie\u0144.<\/li>\n\n\n\n<li><strong>Naiberi River Camp niedaleko Eldoret (*****)<\/strong>.<br>Nowy kemping, jeszcze w czasie budowy. Wida\u0107 wyra\u017anie nastawienie na bardziej wymagaj\u0105cego klienta. Oryginalnie zagospodarowany teren z wydzielonym dla ka\u017cdego samochodu miejscem i zadaszeniem pod kt\u00f3rym zbudowano murowany zlew, gril obok kt\u00f3rych pod dachem spokojnie zmie\u015bci\u0142y si\u0119 nasze cztery krzes\u0142a i stolik. W\u0119ze\u0142 sanitarny nowy, czysty, nowocze\u015bniejszy ni\u017c w wielu innych kempingach. W trakcie naszego pobytu, ko\u0144czona by\u0142a budowa oryginalnego kilkudziesi\u0119ciometrowego tunelu prowadz\u0105cego z&nbsp;kempingu w d\u00f3\u0142 nad rzek\u0119 do restauracji. Wiele wyja\u015bni\u0142 nam fakt, \u017ce w\u0142a\u015bcicielem kempingu jest Arab. Takie wyposa\u017cenie kempingu okaza\u0142o si\u0119 dla nas wyj\u0105tkowo cenne. Do Naiberi River Camp przyjechali\u015bmy w deszczu i w deszczu nast\u0119pnego dnia odje\u017cd\u017cali\u015bmy. By\u0142 to jedyny dzie\u0144, kiedy Adam i Wojtek spali nie w swoim namiocie, a wewn\u0105trz Defcia.<\/li>\n<\/ul>\n\n\n\n<h5 class=\"wp-block-heading\">Uganda<\/h5>\n\n\n\n<ul class=\"wp-block-list\">\n<li><strong>Explorers Backpackers w Jinja (***)<\/strong>.<br>Kemping na terenie nale\u017c\u0105cym do Firmy organizuj\u0105cej pontonowe sp\u0142ywy Nilem. Niewielki teren z budynkiem z restauracj\u0105, barem i wieloosobowymi salami &#8211; sypialniami. W budynku znajdowa\u0142y si\u0119 r\u00f3wnie\u017c dwie, wyposa\u017cone w bardzo stare wanny, straszliwie brudne \u0142azienki oraz toaleta. Umycie si\u0119 w tak brudnej \u0142azience, zdecydowanie wymaga\u0142o desperacji. Woda by\u0142a zimna, bo nie uda\u0142o nam si\u0119 uruchomi\u0107 &#8211; podobno dzia\u0142aj\u0105cych &#8211; elektrycznych podgrzewaczy wody.<\/li>\n\n\n\n<li><strong>Backpackers Camp w Kampali (****)<\/strong>.<br>Sympatyczny kemping na peryferiach miasta. Du\u017cy teren z namiotami i domkami do wynaj\u0119cia oraz budynkiem z barem i pokojami na pi\u0119trze. W\u0119ze\u0142 sanitarny z prawie ciep\u0142\u0105 wod\u0105 i toaletami z europejskimi kibelkami.<\/li>\n\n\n\n<li><strong>Kemping przy Masindi Hotel w Masindi (*****)<\/strong>.<br>Kemping to bardzo starannie zagospodarowany ogr\u00f3d przy eleganckim Masindi Hotel. Namioty rozbijali\u015bmy pomi\u0119dzy owocowymi drzewami i kwietnikami. Prysznice faktycznie mia\u0142y ciep\u0142\u0105 wod\u0119. Kibelki europejskie, Wszystko czyste i bardzo zadbane.<\/li>\n\n\n\n<li><strong>Red Chili w Murchison Falls National Park (****)<\/strong>.<br>Du\u017cy kemping z ma\u0142ymi domkami, kilkudzisi\u0119cioma na sta\u0142e rozbitymi namiotami, restauracj\u0105 i barem. Kemping nie jest ogrodzony, wi\u0119c w dzie\u0144 spacerowa\u0142y sobie po nim gu\u017ace, a noc\u0105 hipopotamy. W\u0119ze\u0142 sanitarny niezbyt czysty, z niezbyt ciep\u0142\u0105 wod\u0105.<\/li>\n\n\n\n<li><strong>Prywatny Kemping obok jaski\u0144 Amabere, kilka kilometr\u00f3w od Fort Portal (***)<\/strong>.<br>Prywatny kemping to po prostu gospodarstwo na terenie kt\u00f3rego mo\u017cna rozbi\u0107 namiot. Do dyspozycji s\u0105 dwie bardzo prymitywne narciarskie s\u0142awojki i r\u00f3wnie prymitywny prysznic z zimn\u0105 wod\u0105. Dodatkowo w\u0142a\u015bciciel kempingu dysponuje prawie po europejsku wyposa\u017conym domkiem z dwoma sypialniami, salonikiem i \u0142azienk\u0105 z kabina prysznicow\u0105 i elektrycznym podgrzewaczem wody. Niestety Uganda to kraj w kt\u00f3rym energia elektryczna to towar zdecydowanie deficytowy. Mieli\u015bmy jednak na tyle szcz\u0119\u015bcie, \u017ce uda\u0142o nam si\u0119 umy\u0107 w \u0142azience w tym w\u0142a\u015bnie domku w cieplutkiej wodzie.<\/li>\n\n\n\n<li><strong>Kemping w Kibale Forest National Park (***)<\/strong>.<br>Kemping to faktycznie ma\u0142a polana ponad zabudowaniami dyrekcji Parku. Jedynym wyposa\u017ceniem kempingu jest murowana os\u0142ona za kt\u00f3r\u0105 mo\u017cna si\u0119 umy\u0107 korzystaj\u0105c z przyniesionej wody oraz narciarski kibelek z elektrycznym o\u015bwietleniem energooszcz\u0119dn\u0105 \u017car\u00f3wk\u0105. Opodal polany znajduje si\u0119 drewniana, wysoka wie\u017ca do obserwacji lasu, w kt\u00f3rej noc sp\u0119dzi\u0142a kobieta &#8211; stra\u017cnik parku. Wod\u0119 w&nbsp;20 litrowym, plastikowym kanistrze przyni\u00f3s\u0142 nam pracownik parku. Otrzymali\u015bmy r\u00f3wnie\u017c drewno na ognisko.<\/li>\n\n\n\n<li><strong>Kemping w Lake Mburo National Park (****)<\/strong>.<br>Kemping na du\u017cej polanie tu\u017c nad jeziorem Mburo. Obok znajduje si\u0119 restauracja. Wyposa\u017cenie sanitariat\u00f3w to kilka narciarskich, niezbyt czystych kabin oraz prysznic z zimna i faktycznie ciep\u0142\u0105 wod\u0105 &#8211; patrz opis afryka\u0144skich system\u00f3w ogrzewania wody. Przez ca\u0142y dzie\u0144 na kempingu gu\u017ace skuba\u0142y wyschni\u0119t\u0105 trw\u0119, na noc przychodzi\u0142y r\u00f3wnie\u017c antylopy oraz hipopotamy.<\/li>\n<\/ul>\n\n\n\n<h5 class=\"wp-block-heading\"><strong>Tanzania<\/strong><\/h5>\n\n\n\n<ul class=\"wp-block-list\">\n<li><strong>O\u015brodek szkoleniowo-konferencyjnym ELCT w Bukobie (***)<\/strong>.<br>Hotel z pokojami z \u0142azienkami z europejskim kibelkiem, prysznicem i dzia\u0142aj\u0105cym, elektrycznym podgrzewaczem wody. Do wykompania si\u0119, potrzebna jest jednak &#8222;trzecia r\u0119ka&#8221; do trzymania \u0142a\u0144cuszka uruchamiaj\u0105cego prysznic.<\/li>\n\n\n\n<li><strong>Motel w Mwanzie (**)<\/strong>.<br>Miejsce zdecydowanie przeznaczone dla tubylc\u00f3w. Pokoje z telewizorami w zamkni\u0119tych na k\u0142\u00f3dk\u0119 klatkach zespawanych z ordynarnych pr\u0119t\u00f3w i \u0142azienkami z ciep\u0142\u0105 wod\u0105, kt\u00f3ra rano sko\u0144czy\u0142a si\u0119 jednak bardzo szybko.<\/li>\n\n\n\n<li><strong>Dik-Dik Camp w Serengeti (****)<\/strong>.<br>Dik-Dik to jeden z prawie identycznych o\u015bmiu &#8222;public&#8221; camp sites ulokowanych w centrum Serengeti National Park. Kemping jest malutki &#8211; teren przeznaczony na namioty to kr\u0105g o promieniu nie wi\u0119kszym ni\u017c 100m. Wyposa\u017ceniem kempingu s\u0105: wielki zbiornik z wod\u0105 z zainstalowanym kranem, dwie narciarskie straszliwie \u015bmierdz\u0105ce s\u0142awojki i pomieszczenie kuchni. Kilkuosobowa za\u0142oga kuchni przygotowywa\u0142a posi\u0142ki dla uczestnik\u00f3w safari, kt\u00f3rych wieczorem przywioz\u0142o stadko starych Toyot i Defender\u00f3w. Cz\u0119\u015b\u0107 tych ludzi spa\u0142a w namiotach ustawionych na sta\u0142e na kempingu, cz\u0119\u015b\u0107 samodzielnie rozbi\u0142a namioty otrzymane na czas safari od firm turystycznych.<\/li>\n\n\n\n<li><strong>Camp site w Karatu obok NgoroNgoro Conservation Area (****)<\/strong>.<br>Ma\u0142y kemping po\u0142o\u017cony kilka kilometr\u00f3w od bramy Ngorongoro Conserwation Area. G\u0142\u00f3wna zalet\u0105 kempingu jest jego cena w por\u00f3wnaniu z kempingami wewn\u0105trz Ngorongoro CA. W\u0119z\u0119\u0142 sanitarny to czysty, murowany budynek z pisuarami, kibelkami i prysznicami. Elektryczne, przep\u0142ywowe podgrzewacze wody, zapewnia\u0142y podniesienie jej temperatury jedynie o kilka stopni, czyli do stanu pozwalaj\u0105cego na odr\u00f3\u017cnienie czy odkr\u0119camy ciep\u0142\u0105, czy zimn\u0105 wod\u0119 ;-).<\/li>\n\n\n\n<li><strong>Camp site w Mto wa Mbu (****)<\/strong>.<br>Kemping z domkami, restauracj\u0105 i basenem. W\u0119ze\u0142 sanitarny to niezbyt czyste ubikacje przy restauracji oraz m\u0119ska i damska kabina przysznicowa na ty\u0142ach basenu. Jak na liczb\u0119 mieszka\u0144c\u00f3w kempingu, by\u0142o to zdecydowanie zbyt ma\u0142o.<\/li>\n<\/ul>\n\n\n\n<h5 class=\"wp-block-heading\"><strong>Kenia<\/strong><\/h5>\n\n\n\n<ul class=\"wp-block-list\">\n<li><strong>Camping przed Sekenani Gate &#8211; jedn\u0105 z bram do Maasai Mara Game Reserve (****)<\/strong>.<br>Najbardziej charakterystycznym elementem kempingu jest dojazd do niego. Bez samochodu terenowego nie polecam, chyba, \u017ce miejscowy kierowca zawiezie nas tam swoim Matatu. Poniewa\u017c na sam kemping nie mo\u017cna wjecha\u0107 samochodem, a my mamy namiot dachowy, noc sp\u0119dzamy poza kempingiem, czyli w lesie na nieogrodzonej polanie. Dla naszego bezpiecze\u0144stwa oddelegowany zostaje Masaj, kt\u00f3rego zadaniem jest pilnowanie nas przez ca\u0142\u0105 noc. Wytrzyma\u0142 3 godziny. W\u0119ze\u0142 sanitarny w standardzie afryka\u0144skim, czyli narciarskie s\u0142awojki, woda ze zbiornika, kt\u00f3ry niestety okaza\u0142 si\u0119 pusty, podobno bywa ciep\u0142a.<\/li>\n\n\n\n<li><strong>Oloololo Camp site w Maasai Mara Game Reserve (*****)<\/strong>.<br>Nieogrodzona polana wykoszonej trawy w\u015br\u00f3d sawanny Masai Mara. Po\u0142o\u017cona w wyj\u0105tkowo malowniczym miejscu. W\u0119ze\u0142 sanitarny to zaplecze bramy Masai Mara Game Reserve, czyli toalety i umywalki z zimn\u0105 wod\u0105. Brak prysznica. Mimo tego, kemping zdecydowanie wart polecenia.<\/li>\n\n\n\n<li><strong>Samagad Hotel w Nairobi (*)<\/strong><br>Zdecydowanie nie polecamy ani hotelu, ani miejsca, w kt\u00f3rym si\u0119 znajduje.<\/li>\n<\/ul>\n","protected":false},"excerpt":{"rendered":"<p>Sierpie\u0144 2006 Noclegi Kenia Uganda Tanzania Kenia Koszty nocleg\u00f3w Gdy korzysta si\u0119 z kemping\u00f3w, noclegi nie s\u0105 znacz\u0105cym elementem koszt\u00f3w pobytu w odwiedzonych krajach. Jedynie faktycznie drogie kempingi to najcz\u0119\u015bciej kempingi na terenie Park\u00f3w Narodowych i rezerwat\u00f3w. Tylko kilkakrotnie i tylko na kempingach w Parkach Narodowych uda\u0142o nam si\u0119 skorzysta\u0107 ze zni\u017cek dla m\u0142odzie\u017cy lub&#8230;<\/p>\n","protected":false},"author":1,"featured_media":0,"parent":1328,"menu_order":0,"comment_status":"closed","ping_status":"closed","template":"page-right-sidebar-template","meta":{"pgc_sgb_lightbox_settings":"","footnotes":""},"class_list":["post-1326","page","type-page","status-publish","hentry"],"_links":{"self":[{"href":"https:\/\/www.ondokeo.net\/index.php\/wp-json\/wp\/v2\/pages\/1326","targetHints":{"allow":["GET"]}}],"collection":[{"href":"https:\/\/www.ondokeo.net\/index.php\/wp-json\/wp\/v2\/pages"}],"about":[{"href":"https:\/\/www.ondokeo.net\/index.php\/wp-json\/wp\/v2\/types\/page"}],"author":[{"embeddable":true,"href":"https:\/\/www.ondokeo.net\/index.php\/wp-json\/wp\/v2\/users\/1"}],"replies":[{"embeddable":true,"href":"https:\/\/www.ondokeo.net\/index.php\/wp-json\/wp\/v2\/comments?post=1326"}],"version-history":[{"count":4,"href":"https:\/\/www.ondokeo.net\/index.php\/wp-json\/wp\/v2\/pages\/1326\/revisions"}],"predecessor-version":[{"id":1340,"href":"https:\/\/www.ondokeo.net\/index.php\/wp-json\/wp\/v2\/pages\/1326\/revisions\/1340"}],"up":[{"embeddable":true,"href":"https:\/\/www.ondokeo.net\/index.php\/wp-json\/wp\/v2\/pages\/1328"}],"wp:attachment":[{"href":"https:\/\/www.ondokeo.net\/index.php\/wp-json\/wp\/v2\/media?parent=1326"}],"curies":[{"name":"wp","href":"https:\/\/api.w.org\/{rel}","templated":true}]}}