{"id":1392,"date":"2024-02-05T19:27:55","date_gmt":"2024-02-05T18:27:55","guid":{"rendered":"http:\/\/www.ondokeo.net\/ondokeo_new\/?page_id=1392"},"modified":"2024-02-27T12:48:19","modified_gmt":"2024-02-27T11:48:19","slug":"mapy","status":"publish","type":"page","link":"https:\/\/www.ondokeo.net\/index.php\/wiedza\/mapy\/","title":{"rendered":"Mapy"},"content":{"rendered":"\n<h4 class=\"wp-block-heading\">Zastosowanie i dob\u00f3r map<\/h4>\n\n\n\n<h5 class=\"wp-block-heading\">Nawigacja z&nbsp;map\u0105<\/h5>\n\n\n\n<p>Podstawowym zastosowaniem mapy w&nbsp;samochodzie jest odnajdowanie na&nbsp;niej miejsc, w&nbsp;kt\u00f3rych jeste\u015bmy, miejsc w&nbsp;kt\u00f3rych chcemy by\u0107 oraz&nbsp;\u015bledzenie na&nbsp;bie\u017c\u0105co naszej trasy. Do takiego zastosowania, jedynymi cechami, kt\u00f3re musi mie\u0107 mapa, to&nbsp;pokrycie przez ni\u0105 terenu, w&nbsp;kt\u00f3rym si\u0119&nbsp;poruszamy oraz odpowiednia skala.<\/p>\n\n\n\n<p>Skala wykorzystywanych map zale\u017cna jest od tego, jak dok\u0142adnego prowadzenia oczekujemy. Zazwyczaj w&nbsp;czasie jednej wyprawy niezb\u0119dne s\u0105&nbsp;zar\u00f3wno mapy przedstawiaj\u0105ce ca\u0142y obszar naszych dzia\u0142a\u0144 jak&nbsp;i&nbsp;mapy szczeg\u00f3\u0142owe. W&nbsp;przypadku wyjazdu do&nbsp;Rumunii mieli\u015bmy mapy S\u0142owacji, W\u0119gier i&nbsp;Rumunii w&nbsp;skali ok.&nbsp;1:400.000; oraz kilka map pasm g\u00f3rskich w&nbsp;skali ok. 1:50.000.<\/p>\n\n\n\n<h5 class=\"wp-block-heading\">Wykorzystanie map z&nbsp;odbiornikiem GPS<\/h5>\n\n\n\n<p>Je\u015bli zamierzamy wykorzysta\u0107 map\u0119 razem z&nbsp;odbiornikiem GPS, musimy mie\u0107 mo\u017cliwo\u015b\u0107 odnalezienia na&nbsp;niej punkt\u00f3w o okre\u015blonych wsp\u00f3\u0142rz\u0119dnych geograficznych. W takiej sytuacji bardzo wa\u017cnym elementem doboru map do&nbsp;pracy z&nbsp;GPS jest znajomo\u015b\u0107 parametr\u00f3w map i&nbsp;rodzaj umieszczonej na&nbsp;nich siatki topograficznej. Bez tej wiedzy, sp\u0119dzimy wiele czasu na&nbsp;dopasowaniu ustawie\u0144 programu, kt\u00f3rym si\u0119 pos\u0142ugujemy metod\u0105 pr\u00f3b i&nbsp;b\u0142\u0119d\u00f3w, a&nbsp;na&nbsp;koniec i&nbsp;tak mo\u017cemy mie\u0107 do&nbsp;dyspozycji mapy pokazuj\u0105ce nasz\u0105 pozycj\u0119 z&nbsp;dok\u0142adno\u015bci\u0105 do&nbsp;wielu kilometr\u00f3w. Taka technologia jest do&nbsp;przyj\u0119cia jedynie w&nbsp;stosunku do&nbsp;map wykorzystywanych do&nbsp;pobie\u017cnej orientacji, gdy poruszamy si\u0119 oznakowanymi drogami. W&nbsp;przypadku wykorzystania map do&nbsp;prowadzenia samochodu w&nbsp;terenie, odpowiedni dob\u00f3r map, ich precyzyjne spozycjonowanie i znajomo\u015b\u0107 ich parametr\u00f3w s\u0105 nieodzowne.<\/p>\n\n\n\n<h4 class=\"wp-block-heading\">Parametry map<\/h4>\n\n\n\n<h5 class=\"wp-block-heading\">Uk\u0142ad odniesienia i siatka topograficzna mapy<\/h5>\n\n\n\n<p>Do praktycznego wykorzystania mapy we&nbsp;wsp\u00f3\u0142pracy z&nbsp;odbiornikiem GPS&nbsp;niezb\u0119dna jest znajomo\u015b\u0107 uk\u0142adu odniesienia mapy, sposobu przeniesienia przeskalowanego obrazu powierzchni Ziemi na&nbsp;p\u0142ask\u0105 powierzchni\u0119 mapy. Znajomo\u015b\u0107 tych cech mapy jest&nbsp;niezb\u0119dna do&nbsp;spozycjonowania mapy w&nbsp;Ozi, czyli przypisania poszczeg\u00f3lnym punktom na&nbsp;mapie ich&nbsp;faktycznych wsp\u00f3\u0142rz\u0119dnych geograficznych. Znajomo\u015b\u0107 tych parametr\u00f3w mapy jest r\u00f3wnie\u017c niezb\u0119dna do&nbsp;skutecznego odczytania w\u0142asnej pozycji.<\/p>\n\n\n\n<p>Na&nbsp;cz\u0119\u015bci, zw\u0142aszcza nowszych map, parametry mapy podawane s\u0105&nbsp;na&nbsp;ok\u0142adce lub&nbsp;marginesie mapy. Najcz\u0119\u015bciej mo\u017cna na&nbsp;mapach spotka\u0107 zapis &#8222;WGS 84&#8221;. Jest to&nbsp;tak&nbsp;zwany uk\u0142ad odniesienia mapy, czyli&nbsp;<strong>Map Datum<\/strong>. Takie mapy s\u0105 czasami nazywane mapami zgodnymi z&nbsp;GPS, tak, jak by&nbsp;wszystkie inne mapy nie&nbsp;nadawa\u0142y si\u0119&nbsp;do&nbsp;tego celu. Jest to zwyk\u0142y chwyt marketingowy. Do&nbsp;znalezienia na&nbsp;mapie swojej pozycji poprzez odczytanie wsp\u00f3\u0142rz\u0119dnych geograficznych z&nbsp;odbiornika GPS i&nbsp;znalezienie na&nbsp;mapie punktu okre\u015blonego tymi wsp\u00f3\u0142rz\u0119dnymi, potrzebne jest jedynie ustawienie na&nbsp;odbiorniku takich samych parametr\u00f3w, jakie ma mapa. Zgranie mapy z&nbsp;odbiornikiem GPS wymaga nie&nbsp;konkretnych parametr\u00f3w mapy, a&nbsp;wiedzy o tym, jakie one s\u0105 i&nbsp;dost\u0119pno\u015bci tych parametr\u00f3w w&nbsp;ustawieniach odbiornika. Do wykorzystania w&nbsp;drobnych wycieczkach w&nbsp;okolic\u0119 rodzinnej miejscowo\u015bci wykorzystuj\u0119 map\u0119 topograficzn\u0105 wydan\u0105 przez Wojskowe Zak\u0142ady Kartograficzne. Parametry tej mapy zdoby\u0142em dzwoni\u0105c do&nbsp;jej wydawcy i&nbsp;pytaj\u0105c si\u0119 o&nbsp;nie. Oczywi\u015bcie otrzyma\u0142em odpowied\u017a na&nbsp;swoje pytanie. Mapa pochodzi z&nbsp;czas\u00f3w, gdy o&nbsp;GPS nie&nbsp;\u015bni\u0142o si\u0119 jeszcze nikomu, a&nbsp;po&nbsp;zeskanowaniu i&nbsp;spozycjonowaniu doskonale spe\u0142nia swoj\u0105 rol\u0119.<\/p>\n\n\n\n<p>Poza parametrami mapy, do&nbsp;jej spozycjonowania, niezb\u0119dna jest jeszcze wiedza o wsp\u00f3\u0142rz\u0119dnych geograficznych konkretnych jej punkt\u00f3w. Najwygodniej jest, gdy mapa posiada jak\u0105\u015b siatk\u0119 topograficzn\u0105. Najcz\u0119\u015bciej jest to siatka po\u0142udnik\u00f3w i r\u00f3wnole\u017cnik\u00f3w. Linie po\u0142udnik\u00f3w i&nbsp;r\u00f3wnole\u017cnik\u00f3w mog\u0105 pokrywa\u0107 ca\u0142\u0105 powierzchni\u0119 mapy, lub by\u0107 jedynie zaznaczone na&nbsp;jej marginesie. W drugim przypadku warto przed skanowaniem mapy narysowa\u0107 cienk\u0105 lini\u0105 na&nbsp;mapie skrzy\u017cowania kilku linii. Potem zostan\u0105 one wykorzystane do&nbsp;spozycjonowania mapy w&nbsp;Ozi. Siatki topograficznej na&nbsp;mapie nie mo\u017cna myli\u0107 z&nbsp;liniami dziel\u0105cymi map\u0119 na&nbsp;prostok\u0105ty oznaczone wsp\u00f3\u0142rz\u0119dnymi i&nbsp;u\u0142atwiaj\u0105cymi odnajdywanie na&nbsp;mapie obiekt\u00f3w wymienionych w&nbsp;indeksie mapy. Siatka topograficzna jest opisana, ale wi\u0119kszo\u015b\u0107 map ma opisan\u0105 wi\u0119kszo\u015b\u0107 linie siatki.<\/p>\n\n\n\n<div class=\"wp-block-media-text is-stacked-on-mobile is-vertically-aligned-top\" style=\"margin-top:var(--wp--preset--spacing--20);margin-bottom:var(--wp--preset--spacing--20);grid-template-columns:39% auto\"><figure class=\"wp-block-media-text__media\"><img loading=\"lazy\" decoding=\"async\" width=\"333\" height=\"200\" src=\"http:\/\/www.ondokeo.net\/wp-content\/uploads\/2024\/02\/pulkowo-1.jpg\" alt=\"\" class=\"wp-image-1401 size-full\" srcset=\"https:\/\/www.ondokeo.net\/wp-content\/uploads\/2024\/02\/pulkowo-1.jpg 333w, https:\/\/www.ondokeo.net\/wp-content\/uploads\/2024\/02\/pulkowo-1-300x180.jpg 300w\" sizes=\"auto, (max-width: 333px) 100vw, 333px\" \/><\/figure><div class=\"wp-block-media-text__content\">\n<p class=\"has-small-font-size\">Na mapach wojskowych spotka\u0107 mo\u017cna opisany tylko jeden naro\u017cnik siatki, pozosta\u0142e wsp\u00f3\u0142rz\u0119dne trzeba w\u00f3wczas cierpliwie policzy\u0107.<\/p>\n<\/div><\/div>\n\n\n\n<div class=\"wp-block-media-text is-stacked-on-mobile is-vertically-aligned-top\" style=\"grid-template-columns:39% auto\"><figure class=\"wp-block-media-text__media\"><img loading=\"lazy\" decoding=\"async\" width=\"333\" height=\"200\" src=\"http:\/\/www.ondokeo.net\/wp-content\/uploads\/2024\/02\/siatka-1.jpg\" alt=\"\" class=\"wp-image-1400 size-full\" srcset=\"https:\/\/www.ondokeo.net\/wp-content\/uploads\/2024\/02\/siatka-1.jpg 333w, https:\/\/www.ondokeo.net\/wp-content\/uploads\/2024\/02\/siatka-1-300x180.jpg 300w\" sizes=\"auto, (max-width: 333px) 100vw, 333px\" \/><\/figure><div class=\"wp-block-media-text__content\">\n<p class=\"has-small-font-size\">Na wi\u0119kszo\u015bci map siatka topograficzna, je\u015bli jest umieszczona, opisana jest na&nbsp;ca\u0142ym obwodzie mapy. W&nbsp;przypadku pokazanym na&nbsp;rysunku obok, wszystkie niebieskie linie siatki topograficznej s\u0105 opisane.<\/p>\n\n\n\n<p class=\"has-small-font-size\">Bia\u0142e oznaczenia &#8222;1&#8221;&nbsp;i&nbsp;&#8222;A&#8221; na&nbsp;niebieskim tle, to&nbsp;wsp\u00f3\u0142rz\u0119dne obszar\u00f3w dla indeksu miejscowo\u015bci umieszczonego na&nbsp;odwrocie mapy.<\/p>\n<\/div><\/div>\n\n\n\n<div class=\"wp-block-media-text is-stacked-on-mobile is-vertically-aligned-top\" style=\"grid-template-columns:40% auto\"><figure class=\"wp-block-media-text__media\"><img loading=\"lazy\" decoding=\"async\" width=\"456\" height=\"220\" src=\"http:\/\/www.ondokeo.net\/wp-content\/uploads\/2024\/02\/tpc_poz_2-1.jpg\" alt=\"\" class=\"wp-image-1402 size-full\" srcset=\"https:\/\/www.ondokeo.net\/wp-content\/uploads\/2024\/02\/tpc_poz_2-1.jpg 456w, https:\/\/www.ondokeo.net\/wp-content\/uploads\/2024\/02\/tpc_poz_2-1-300x145.jpg 300w\" sizes=\"auto, (max-width: 456px) 100vw, 456px\" \/><\/figure><div class=\"wp-block-media-text__content\">\n<p class=\"has-small-font-size\">Na niekt\u00f3rych mapach umieszczona jest siatka UTM. Na rysunku obok fragment mapy TPC z&nbsp;naniesion\u0105 niebiesk\u0105 siatk\u0105 UTM. Do spozycjonowania takiej mapy, potrzebna jest jeszcze informacja o&nbsp;strefie UTM. Jednak nawet je\u015bli nie zosta\u0142a ona umieszczona na&nbsp;mapie, do&nbsp;okre\u015blenia strefy UTM wystarczy znajomo\u015b\u0107 systemu UTM.<\/p>\n<\/div><\/div>\n\n\n\n<h4 class=\"wp-block-heading\">Tactical Pilotage Charts (Mapy ONC i TPC)<\/h4>\n\n\n\n<p>Mapy TPC (Tactical Pilotage Charts) to&nbsp;ameryka\u0144skie, wojskowe mapy lotnicze. S\u0105&nbsp;to&nbsp;cz\u0119\u015bci map ONC (Operational Navigation Charts), map w&nbsp;skali 1:1,000,000.<\/p>\n\n\n\n<div class=\"wp-block-media-text is-stacked-on-mobile is-vertically-aligned-top\" style=\"margin-top:var(--wp--preset--spacing--20);margin-right:0;margin-bottom:var(--wp--preset--spacing--20);margin-left:0;grid-template-columns:36% auto\"><figure class=\"wp-block-media-text__media\"><img loading=\"lazy\" decoding=\"async\" width=\"201\" height=\"161\" src=\"http:\/\/www.ondokeo.net\/wp-content\/uploads\/2024\/02\/tpc_g-1d-1.jpg\" alt=\"\" class=\"wp-image-1404 size-full\"\/><\/figure><div class=\"wp-block-media-text__content\">\n<p class=\"has-small-font-size\">Oznaczenie map ONC to litera, my\u015blnik i cyfra np. G-1. Mapy TPC to 1\/4 mapy ONC i&nbsp;oznaczone s\u0105&nbsp;tak, jak mapa ONC, kt\u00f3rej s\u0105 cz\u0119\u015bci\u0105, plus liter\u0105 A,&nbsp;B,&nbsp;C&nbsp;lub&nbsp;D oznaczaj\u0105c\u0105 odpowiedni\u0105 cz\u0119\u015b\u0107.<\/p>\n\n\n\n<p class=\"has-small-font-size\">Rysunek obok przedstawia fragment marginesu mapy G-1D. Widoczny jest zarys obszaru nadrz\u0119dnej mapy ONC G-1 oraz&nbsp;jej podzia\u0142 na&nbsp;cztery mapy TPC:&nbsp;G-1A, G-1B, G-1C i&nbsp;G-1D.<\/p>\n<\/div><\/div>\n\n\n\n<p>Podstawowe informacje o mapach TPC:<\/p>\n\n\n\n<ul class=\"wp-block-list\">\n<li>Skal: 1:500,000<\/li>\n\n\n\n<li>Projection: Lambert Conformal Conic<\/li>\n\n\n\n<li>Siatki: UTM, MGRS (Military Grid Reference System), D\u0142ugo\u015b\u0107 i&nbsp;szeroko\u015b\u0107 geograficzna<\/li>\n\n\n\n<li>Skala wysoko\u015bci podana w&nbsp;stopach (na marginesach map umieszczona jest skala por\u00f3wnawcza wysoko\u015bci w&nbsp;stopach i&nbsp;metrach)<\/li>\n<\/ul>\n\n\n\n<p>Lambert Conformal Conic to jeden z&nbsp;wielu sposob\u00f3w odwzorowania prawie kulistej powierzchni Ziemi na&nbsp;p\u0142ask\u0105 powierzchni\u0119 mapy.<\/p>\n\n\n\n<div class=\"wp-block-media-text is-stacked-on-mobile is-vertically-aligned-top\" style=\"grid-template-columns:27% auto\"><figure class=\"wp-block-media-text__media\"><img loading=\"lazy\" decoding=\"async\" width=\"267\" height=\"300\" src=\"http:\/\/www.ondokeo.net\/wp-content\/uploads\/2024\/02\/lambert_ccp.jpg\" alt=\"\" class=\"wp-image-1405 size-full\"\/><\/figure><div class=\"wp-block-media-text__content\">\n<p class=\"has-small-font-size\">Rysunek zosta\u0142 zapo\u017cyczony z serwera<br>http:\/\/www.tpub.com\/content\/engineering\/14071\/css\/14071_198.htm i przedstawia obraz relacji powierzchni Ziemi i p\u0142askiej powierzchni sto\u017cka, na kt\u00f3rej odwzorowywana jest powierzchnia Ziemi.<\/p>\n\n\n\n<p class=\"has-small-font-size\">Standard Paralel g\u00f3rna i dolna to r\u00f3wnole\u017cniki przeci\u0119cia powierzchni sto\u017cka i powierzchni Ziemi.<\/p>\n<\/div><\/div>\n\n\n\n<h5 class=\"wp-block-heading\">Pozycjonowanie map TPC<\/h5>\n\n\n\n<p>Podstawowe parametry mapy TPC w&nbsp;OziExplorerze:<\/p>\n\n\n\n<ul class=\"wp-block-list\">\n<li>Map Datum: WGS 84<\/li>\n\n\n\n<li>Map Projection: Lambert Conformal Conic<\/li>\n\n\n\n<li>W oknie&nbsp;<strong>Projection Setup<\/strong>&nbsp;wpisujemy:\n<ul class=\"wp-block-list\">\n<li>Jako Latitude&nbsp;1 i&nbsp;Latitude&nbsp;2 podajemy z&nbsp;marginesu mapy TPC Standard Parallels<\/li>\n\n\n\n<li>Jako Central Meridian podajemy po\u0142udnik \u015brodka mapy ONC<\/li>\n\n\n\n<li>Jako Origin Latitude podajemy centralny r\u00f3wnole\u017cnik mapy ONC<\/li>\n<\/ul>\n<\/li>\n<\/ul>\n\n\n\n<div class=\"wp-block-media-text is-stacked-on-mobile\" style=\"grid-template-columns:29% auto\"><figure class=\"wp-block-media-text__media\"><img loading=\"lazy\" decoding=\"async\" width=\"508\" height=\"300\" src=\"http:\/\/www.ondokeo.net\/wp-content\/uploads\/2024\/02\/tpc_poz_1.jpg\" alt=\"\" class=\"wp-image-1406 size-full\" srcset=\"https:\/\/www.ondokeo.net\/wp-content\/uploads\/2024\/02\/tpc_poz_1.jpg 508w, https:\/\/www.ondokeo.net\/wp-content\/uploads\/2024\/02\/tpc_poz_1-300x177.jpg 300w\" sizes=\"auto, (max-width: 508px) 100vw, 508px\" \/><\/figure><div class=\"wp-block-media-text__content\">\n<p class=\"has-small-font-size\">Rysunek obok przestawia ekran Ozi wraz z&nbsp;pozycjonowan\u0105 map\u0105 TPC H-1B oraz okienkiem&nbsp;<strong>Setup<\/strong>&nbsp;dla Map Projection ustawionego na&nbsp;Lambert Conformal Conic. Dla fragmentu &#8222;B&#8221; map TPC, Central Meridian oraz Origin Latitude s\u0105 wsp\u00f3\u0142rz\u0119dnymi lewego dolnego naro\u017cnika mapy. Dla pozosta\u0142ych cz\u0119\u015bci map ONC jest to \u015brodek mapy ONC.<\/p>\n<\/div><\/div>\n\n\n\n<p>Punkty pozycjonowania mapy TPC w&nbsp;OziExplorerze<\/p>\n\n\n\n<div style=\"height:10px\" aria-hidden=\"true\" class=\"wp-block-spacer\"><\/div>\n\n\n\n<div class=\"wp-block-media-text is-stacked-on-mobile is-vertically-aligned-top\" style=\"grid-template-columns:38% auto\"><figure class=\"wp-block-media-text__media\"><img loading=\"lazy\" decoding=\"async\" width=\"456\" height=\"220\" src=\"http:\/\/www.ondokeo.net\/wp-content\/uploads\/2024\/02\/tpc_poz_2-2.jpg\" alt=\"\" class=\"wp-image-1407 size-full\" srcset=\"https:\/\/www.ondokeo.net\/wp-content\/uploads\/2024\/02\/tpc_poz_2-2.jpg 456w, https:\/\/www.ondokeo.net\/wp-content\/uploads\/2024\/02\/tpc_poz_2-2-300x145.jpg 300w\" sizes=\"auto, (max-width: 456px) 100vw, 456px\" \/><\/figure><div class=\"wp-block-media-text__content\">\n<p class=\"has-small-font-size\">Rysunek obok przestawia ekran Ozi z&nbsp;pozycjonowan\u0105 map\u0105 TPC H-2A oraz&nbsp;okienkiem pozycjonowania.<\/p>\n\n\n\n<p class=\"has-small-font-size\">Punkt nr&nbsp;2&nbsp;ustawiony jest&nbsp;na&nbsp;przeci\u0119ciu linii siatki UTM. Dane podane na&nbsp;niebiesko na&nbsp;kraw\u0119dziach mapy, odpowiadaj\u0105 parametrom wpisanym w&nbsp;pola: Easting=700000 oraz&nbsp;Northing=3100000.<\/p>\n\n\n\n<p class=\"has-small-font-size\"><strong>Zone<\/strong>&nbsp;(w tym przypadku 29) nale\u017cy odczyta\u0107 z&nbsp;informacji umieszczonych na&nbsp;powierzchni mapy przy&nbsp;po\u0142udnikach dziel\u0105cych Zony.<\/p>\n<\/div><\/div>\n\n\n\n<h4 class=\"wp-block-heading\">Joint Operations Graphics (mapy JOG)<\/h4>\n\n\n\n<p>Mapy Joint Operations Graphics (JOG ) to&nbsp;ameryka\u0144skie, wydawane przez Department of Defense (DOD), wojskowe mapy b\u0119d\u0105ce w&nbsp;pewnym sesie odpowiednikami rosyjskich map wojskowych 1:200 000. Mapy JOG maj\u0105 skal\u0119 1:250 000. Mapy JOG opracowywane s\u0105 w&nbsp;2&nbsp;wersjach; jako mapy do dzia\u0142a\u0144 lotniczych JOG-A, oraz jako mapy do dzia\u0142a\u0144 l\u0105dowych JOG-G.<\/p>\n\n\n\n<h4 class=\"wp-block-heading\">Zdj\u0119cia satelitarne<\/h4>\n\n\n\n<p>Jedn\u0105 z&nbsp;zalet zdj\u0119\u0107 satelitarnych jest to, \u017ce dost\u0119pne s\u0105 prawie dla ca\u0142ej powierzchni Ziemi. Jest kilka \u017ar\u00f3de\u0142 zdj\u0119\u0107 satelitarnych, zar\u00f3wno darmowych, jak i&nbsp;p\u0142atnych. Zdj\u0119cia satelitarne dost\u0119pne s\u0105&nbsp;zazwyczaj w&nbsp;formatach graficznych wzbogaconych o&nbsp;informacje dotycz\u0105ce geograficznego po\u0142o\u017cenia obszaru przedstawionego na&nbsp;zdj\u0119ciu zdj\u0119ciu. Jednym ze \u017ar\u00f3de\u0142 zdj\u0119\u0107 satelitarnych jest server NASA.&nbsp;<a href=\"https:\/\/zulu.ssc.nasa.gov\/mrsid\/mrsid.pl\">https:\/\/zulu.ssc.nasa.gov\/mrsid\/mrsid.pl<\/a>. Zdj\u0119cia satelitarne dost\u0119pne na&nbsp;tym serwerze, zapisane s\u0105&nbsp;w&nbsp;spakowanych plikach&nbsp;<strong>.tar<\/strong>. Wewn\u0105trz znajdziemy kilka plik\u00f3w, najwa\u017cniejszy plik ma&nbsp;rozszerzenie&nbsp;<strong>.sid<\/strong>. Plik ten zawiera zar\u00f3wno obraz rastrowy, jak i&nbsp;informacje pozwalaj\u0105ce na&nbsp;jego spozycjonowanie w&nbsp;OziExplorerze.<\/p>\n\n\n\n<h5 class=\"wp-block-heading\">U\u017cycie zdj\u0119\u0107 satelitarnych w&nbsp;OziExplorerze<\/h5>\n\n\n\n<p>Proces wykorzystania zdj\u0119\u0107 satelitarnych zapisanych w&nbsp;plikach&nbsp;<strong>.sid<\/strong>, jako map w&nbsp;OziExplorerze przebiega nast\u0119puj\u0105co:<\/p>\n\n\n\n<ul class=\"wp-block-list\">\n<li>Z serwera NASA \u015bci\u0105gamy potrzebne zdj\u0119cia. W nazwach plik\u00f3w (np. N-29-30_2000.sid), znajdziemy:\n<ul class=\"wp-block-list\">\n<li>liter\u0119 oznaczaj\u0105c\u0105 p\u00f3\u0142kul\u0119 p\u00f3\u0142nocn\u0105 lub po\u0142udniow\u0105 (np.&nbsp;<strong>N<\/strong>)<\/li>\n\n\n\n<li>numer strefy UTM (np.&nbsp;<strong>29<\/strong>)<\/li>\n\n\n\n<li>szeroko\u015b\u0107 geograficzn\u0105 dolnej kraw\u0119dzi zdj\u0119cia (np.&nbsp;<strong>30<\/strong>)<\/li>\n<\/ul>\n<\/li>\n\n\n\n<li>Z serwera OziExplorera \u015bci\u0105gamy plik&nbsp;<strong>ozimrsid_dll_setup.exe<\/strong>&nbsp;i&nbsp;i&nbsp;nstalujemy&nbsp;<strong>OziMrSid.dll<\/strong>. umo\u017cliwiaj\u0105cy Ozi obs\u0142ug\u0119 zdj\u0119\u0107 satelitarnych w&nbsp;formacie&nbsp;<strong>.sid<\/strong>.<\/li>\n\n\n\n<li>W Ozi z&nbsp;menu&nbsp;<strong>File<\/strong>&nbsp;wybieramy opcj\u0119&nbsp;<strong>Import Map<\/strong>&nbsp;i&nbsp;<strong>Single DRG Map<\/strong>&nbsp;lub&nbsp;<strong>All DRG Maps&#8230;<\/strong><\/li>\n\n\n\n<li>Wskazujemy plik&nbsp;<strong>.sid<\/strong><\/li>\n\n\n\n<li>Nadajemy nazw\u0119 plikowi&nbsp;<strong>.map<\/strong><\/li>\n<\/ul>\n\n\n\n<div class=\"wp-block-media-text is-stacked-on-mobile is-vertically-aligned-top\" style=\"margin-top:var(--wp--preset--spacing--20);margin-right:0;margin-bottom:var(--wp--preset--spacing--20);margin-left:0;grid-template-columns:35% auto\"><figure class=\"wp-block-media-text__media\"><img loading=\"lazy\" decoding=\"async\" width=\"236\" height=\"200\" src=\"http:\/\/www.ondokeo.net\/wp-content\/uploads\/2024\/02\/sid_setup.jpg\" alt=\"\" class=\"wp-image-1413 size-full\"\/><\/figure><div class=\"wp-block-media-text__content\">\n<p class=\"has-small-font-size\">W okienku &#8222;DRG Import Deafaults&#8221; ustawiamy:<\/p>\n\n\n\n<ul class=\"has-small-font-size wp-block-list\">\n<li>Map Datum: WGS84<\/li>\n\n\n\n<li>Map Projection: UTM<\/li>\n\n\n\n<li>Map Grid Zone: numer strefy UTM importowanego zdj\u0119cia satelitarnego<\/li>\n\n\n\n<li>P\u00f3\u0142kul\u0119 (N lub S)<\/li>\n<\/ul>\n<\/div><\/div>\n\n\n\n<p>Efekt wczytania do&nbsp;OziExplorera zdj\u0119cia satelitarnego mo\u017cna oceni\u0107 g\u0142\u00f3wnie poprzez por\u00f3wnanie obrazu tego samego fragmentu mapy i&nbsp;zdj\u0119cia.<\/p>\n\n\n\n<div class=\"wp-block-media-text is-stacked-on-mobile\" style=\"margin-top:var(--wp--preset--spacing--20);margin-right:0;margin-bottom:var(--wp--preset--spacing--20);margin-left:0\"><figure class=\"wp-block-media-text__media\"><img loading=\"lazy\" decoding=\"async\" width=\"605\" height=\"300\" src=\"http:\/\/www.ondokeo.net\/wp-content\/uploads\/2024\/02\/sid_test_12.jpg\" alt=\"\" class=\"wp-image-1414 size-full\" srcset=\"https:\/\/www.ondokeo.net\/wp-content\/uploads\/2024\/02\/sid_test_12.jpg 605w, https:\/\/www.ondokeo.net\/wp-content\/uploads\/2024\/02\/sid_test_12-300x149.jpg 300w\" sizes=\"auto, (max-width: 605px) 100vw, 605px\" \/><\/figure><div class=\"wp-block-media-text__content\">\n<p class=\"has-small-font-size\">Fragment mapy<br><strong>TPC H-1B<\/strong><br>oraz zdj\u0119cie satelitarne<br><strong>N-29-30_2000.sid<\/strong>&nbsp;z&nbsp;widoczn\u0105 na obu,<br>czerwon\u0105 lini\u0105<br>fragmentu planowanej trasy.<\/p>\n<\/div><\/div>\n\n\n\n<p>Zdj\u0119cia satelitarne nie s\u0105&nbsp;oczywi\u015bcie robione zwyk\u0142ym aparatem fotograficznym. Zazwyczaj jest to szereg monochromatycznych zdj\u0119\u0107 tego samego obszaru robionych w&nbsp;r\u00f3\u017cnych widmach np.&nbsp;w&nbsp;podczerwieni. Dla przyk\u0142adu, zdj\u0119cia robine przez satelit\u0119 Landsat TM zawieraj\u0105 siedem pasm spektralnych o&nbsp;szeroko\u015bci widmowej, obejmuj\u0105cej promieniowanie od&nbsp;obszaru odpowiadaj\u0105cego barwie niebieskiej \u015bwiat\u0142a widzialnego, do&nbsp;dalekiej podczerwieni odpowiadaj\u0105cej promieniowaniu termicznemu Ziemi: 0.45 &#8211;&nbsp;0.52, 0.52 &#8211;&nbsp;0.60, 0.63 &#8211;&nbsp;0.69, 0.76 &#8211;&nbsp;0.90, 1.55 &#8211;&nbsp;1.75, 2.08 &#8211;&nbsp;2.35, 10.4 &#8211;&nbsp;12.5 [mm]. Jedno &#8222;zdj\u0119cie&#8221; z&nbsp;tego satelity to&nbsp;faktycznie 7&nbsp;monochromatycznych zdj\u0119\u0107. W&nbsp;zale\u017cno\u015bci od tego, co&nbsp;ma by\u0107 wyr\u00f3\u017cnione na&nbsp;zdj\u0119ciach satelitarnych stosuje si\u0119 r\u00f3\u017cne techniki dobierania i&nbsp;\u0142\u0105czenia tych zdj\u0119\u0107 oraz ich&nbsp;&#8222;barwienia&#8221;.<\/p>\n\n\n\n<p>Prezentowane zdj\u0119cia satelitarne to efekt po\u0142\u0105czenia trzech zdj\u0119\u0107 odpowiadaj\u0105cych nast\u0119puj\u0105cym pasmom spektralnym:<\/p>\n\n\n\n<ul class=\"wp-block-list\">\n<li>Pasmo 7 przedstawione w&nbsp;kolorze czerwonym<\/li>\n\n\n\n<li>Pasmo 4 przedstawione w&nbsp;kolorze zielonym<\/li>\n\n\n\n<li>Pasmo 2 przedstawione w&nbsp;kolorze niebieskim<\/li>\n<\/ul>\n\n\n\n<div class=\"wp-block-media-text is-stacked-on-mobile is-vertically-aligned-top\" style=\"margin-top:var(--wp--preset--spacing--20);margin-bottom:var(--wp--preset--spacing--20);grid-template-columns:61% auto\"><figure class=\"wp-block-media-text__media\"><img loading=\"lazy\" decoding=\"async\" width=\"850\" height=\"400\" src=\"http:\/\/www.ondokeo.net\/wp-content\/uploads\/2024\/02\/sid_test_32.jpg\" alt=\"\" class=\"wp-image-1416 size-full\" srcset=\"https:\/\/www.ondokeo.net\/wp-content\/uploads\/2024\/02\/sid_test_32.jpg 850w, https:\/\/www.ondokeo.net\/wp-content\/uploads\/2024\/02\/sid_test_32-300x141.jpg 300w, https:\/\/www.ondokeo.net\/wp-content\/uploads\/2024\/02\/sid_test_32-768x361.jpg 768w\" sizes=\"auto, (max-width: 850px) 100vw, 850px\" \/><\/figure><div class=\"wp-block-media-text__content\">\n<p class=\"has-small-font-size\">Przyk\u0142adowy fragment tej&nbsp;samej mapy (<strong>TPC H-1B<\/strong>) oraz&nbsp;tego&nbsp;samego zdj\u0119cia satelitarnego (<strong>N-29-30_2000.sid<\/strong>), ale&nbsp;przedstawione w&nbsp;innym powi\u0119kszeniu. W&nbsp;obu przyk\u0142adach mapa i&nbsp;zdj\u0119cie satelitarne przedstawiaj\u0105 oczywi\u015bcie dok\u0142adnie te&nbsp;same obszary Afryki.<\/p>\n<\/div><\/div>\n","protected":false},"excerpt":{"rendered":"<p>Zastosowanie i dob\u00f3r map Nawigacja z&nbsp;map\u0105 Podstawowym zastosowaniem mapy w&nbsp;samochodzie jest odnajdowanie na&nbsp;niej miejsc, w&nbsp;kt\u00f3rych jeste\u015bmy, miejsc w&nbsp;kt\u00f3rych chcemy by\u0107 oraz&nbsp;\u015bledzenie na&nbsp;bie\u017c\u0105co naszej trasy. Do takiego zastosowania, jedynymi cechami, kt\u00f3re musi mie\u0107 mapa, to&nbsp;pokrycie przez ni\u0105 terenu, w&nbsp;kt\u00f3rym si\u0119&nbsp;poruszamy oraz odpowiednia skala. Skala wykorzystywanych map zale\u017cna jest od tego, jak dok\u0142adnego prowadzenia oczekujemy. Zazwyczaj w&nbsp;czasie&#8230;<\/p>\n","protected":false},"author":1,"featured_media":0,"parent":597,"menu_order":0,"comment_status":"closed","ping_status":"closed","template":"page-right-sidebar-template","meta":{"pgc_sgb_lightbox_settings":"","footnotes":""},"class_list":["post-1392","page","type-page","status-publish","hentry"],"_links":{"self":[{"href":"https:\/\/www.ondokeo.net\/index.php\/wp-json\/wp\/v2\/pages\/1392","targetHints":{"allow":["GET"]}}],"collection":[{"href":"https:\/\/www.ondokeo.net\/index.php\/wp-json\/wp\/v2\/pages"}],"about":[{"href":"https:\/\/www.ondokeo.net\/index.php\/wp-json\/wp\/v2\/types\/page"}],"author":[{"embeddable":true,"href":"https:\/\/www.ondokeo.net\/index.php\/wp-json\/wp\/v2\/users\/1"}],"replies":[{"embeddable":true,"href":"https:\/\/www.ondokeo.net\/index.php\/wp-json\/wp\/v2\/comments?post=1392"}],"version-history":[{"count":8,"href":"https:\/\/www.ondokeo.net\/index.php\/wp-json\/wp\/v2\/pages\/1392\/revisions"}],"predecessor-version":[{"id":4116,"href":"https:\/\/www.ondokeo.net\/index.php\/wp-json\/wp\/v2\/pages\/1392\/revisions\/4116"}],"up":[{"embeddable":true,"href":"https:\/\/www.ondokeo.net\/index.php\/wp-json\/wp\/v2\/pages\/597"}],"wp:attachment":[{"href":"https:\/\/www.ondokeo.net\/index.php\/wp-json\/wp\/v2\/media?parent=1392"}],"curies":[{"name":"wp","href":"https:\/\/api.w.org\/{rel}","templated":true}]}}