{"id":1453,"date":"2024-02-06T00:59:27","date_gmt":"2024-02-05T23:59:27","guid":{"rendered":"http:\/\/www.ondokeo.net\/ondokeo_new\/?page_id=1453"},"modified":"2024-02-06T13:31:34","modified_gmt":"2024-02-06T12:31:34","slug":"apteczka","status":"publish","type":"page","link":"https:\/\/www.ondokeo.net\/index.php\/ekwipunek-2\/apteczka\/","title":{"rendered":"Apteczka"},"content":{"rendered":"\n<h4 class=\"wp-block-heading\">Apteczka<\/h4>\n\n\n\n<p>Nie wszyscy mamy wykszta\u0142cenie medyczne, ale niestety, ka\u017cdemu z\u00a0nas mo\u017ce si\u0119 przytrafi\u0107 skaleczenie, czy choroba. Wyprawowa apteczka powinna zawiera\u0107 zar\u00f3wno \u015brodki powszechnie znane i\u00a0\u0142atwe w\u00a0zastosowaniu, jak i\u00a0\u015brodki niezb\u0119dne w\u00a0przypadku utrudnionego dost\u0119pu do\u00a0lekarza, czy jakiejkolwiek plac\u00f3wki medycznej. Problemem pozostaje jednak zdobycie odpowiedniej wiedzy dotycz\u0105cej doboru takich \u015brodk\u00f3w i\u00a0sposobu ich\u00a0stosowania. Mamy nadziej\u0119, \u017ce\u00a0umieszczane tu\u00a0sukcesywnie informacje, pomog\u0105 przygotowuj\u0105cym swoje ekspedycyjne apteczki.<\/p>\n\n\n\n<p>Musimy pami\u0119ta\u0107 o tym, \u017ce sk\u0142ad naszej apteczki powinien zale\u017ce\u0107 od programu wyjazdu, czasu jego trwania, rejonu, w\u00a0kt\u00f3ry si\u0119 udajemy, indywidualnych potrzeb, mo\u017cliwo\u015bci korzystania z\u00a0pomocy medycznej podczas podr\u00f3\u017cy, a\u00a0tak\u017ce liczby os\u00f3b, kt\u00f3rym ma\u00a0s\u0142u\u017cy\u0107. Nie wystarczy wy\u0142\u0105cznie zakupienie okre\u015blonych \u015brodk\u00f3w medycznych i\u00a0zapakowanie ich do\u00a0apteczki. Musimy nauczy\u0107 si\u0119, jak u\u017cywa\u0107 okre\u015blonych \u015brodk\u00f3w i\u00a0czy ich zastosowanie nie wp\u0142ynie negatywnie na\u00a0nasze zdrowie.<\/p>\n\n\n\n<p>W apteczce, obowi\u0105zkowo powinny si\u0119 znale\u017a\u0107, ksi\u0105\u017cki dotycz\u0105ce zachowa\u0144 w\u00a0przypadku chor\u00f3b, czy skalecze\u0144. Polecam ksi\u0105\u017cki z\u00a0naszej biblioteczki z\u00a0dzia\u0142u\u00a0<strong>Zdrowie<\/strong>.<\/p>\n\n\n\n<h5 class=\"wp-block-heading\">\u015arodki opatrunkowe<\/h5>\n\n\n\n<ul class=\"wp-block-list\">\n<li><strong>R\u0119kawiczki<\/strong>&nbsp;lateksowe, wyja\u0142owione<\/li>\n\n\n\n<li><strong>Gazy, gaziki<\/strong>&nbsp;&#8211; s\u0105&nbsp;k\u0142adzione bezpo\u015brednio na&nbsp;ran\u0119, musz\u0105 wi\u0119c by\u0107 ja\u0142owe (zamkni\u0119te w&nbsp;hermetycznych opakowaniach) &#8211; trzeba zwraca\u0107 szczeg\u00f3lna uwage na&nbsp;dat\u0119 wa\u017cno\u015bci.<\/li>\n\n\n\n<li><strong>Banda\u017ce<\/strong>&nbsp;zwykle tkane, stosowane do&nbsp;przytrzymywania opatrunk\u00f3w, warto mie\u0107 r\u00f3\u017cne szeroko\u015bci (np. 5 i 10 cm.),<\/li>\n\n\n\n<li><strong>Opaski dziane podtrzymuj\u0105ce<\/strong>&nbsp;&#8211; do mocowania opatrunku (r\u00f3wnie\u017c r\u00f3\u017cnej wielko\u015bci)<\/li>\n\n\n\n<li><strong>Klamerki<\/strong>&nbsp;do zapinania banda\u017ca<\/li>\n\n\n\n<li><strong>Plastry<\/strong>\n<ul class=\"wp-block-list\">\n<li>leukoplasty (plastry bez opatrunku) do&nbsp;mocowania opatrunk\u00f3w<\/li>\n\n\n\n<li>poloplasty &#8211; ma\u0142e plastry z&nbsp;opatrunkiem na&nbsp;niedu\u017ce rany; najlepiej komplet wielu plastr\u00f3w r\u00f3\u017cnej wielko\u015bci.<\/li>\n<\/ul>\n<\/li>\n\n\n\n<li><strong>Spongostan<\/strong>&nbsp;&#8211; specjalna g\u0105bka nas\u0105czona sk\u0142adnikiem przyspieszaj\u0105cym krzepni\u0119cie krwi. Doskona\u0142y do tamowania krwi. Nie stosujemy, gdy rana, nawet niewielka zanieczyszczona jest ziemi\u0105, czy brudn\u0105 wod\u0105 &#8211; grozi zaka\u017ceniem t\u0119\u017ccem.<\/li>\n\n\n\n<li><strong>Akutol spray<\/strong>&nbsp;&#8211; to&nbsp;elastyczny opatrunek ochronny w&nbsp;aerozolu, przeznaczony do&nbsp;opatrywania ran, ma\u0142ych otar\u0107 i&nbsp;ran ci\u0119tych.<\/li>\n<\/ul>\n\n\n\n<h5 class=\"wp-block-heading\">\u015arodki dezynfekuj\u0105ce<\/h5>\n\n\n\n<ul class=\"wp-block-list\">\n<li><strong>Woda utleniona<\/strong>\u00a0&#8211; do\u00a0obmywania ran i\u00a0ich dezynfekcja (nie trzyma\u0107 na\u00a0s\u0142o\u0144cu!).<\/li>\n\n\n\n<li><strong>Rivanol<\/strong>&nbsp;&#8211; do przemywania i&nbsp;ok\u0142adania ran ropiej\u0105cych.<\/li>\n\n\n\n<li><strong>Alantan, Pabiamid<\/strong>&nbsp;&#8211; \u015brodki suche (w&nbsp;postaci proszku) powoduj\u0105ce szybsze gojenie si\u0119 ran, otar\u0107, odparze\u0144.<\/li>\n\n\n\n<li><strong>Tribiotic<\/strong>&nbsp;&#8211; ma\u015b\u0107 goj\u0105ca i&nbsp;przeciwbakteryjna na&nbsp;otarcia nask\u00f3rka, skaleczenia, st\u0142uczenia, niewielkie oparzenia.<\/li>\n\n\n\n<li><strong>Kalium Hypermanganicum<\/strong>&nbsp;&#8211; dzia\u0142a bakteriob\u00f3jczo i&nbsp;dezynfekuj\u0105co. Stosuje si\u0119 do&nbsp; przemywania ropiej\u0105cych ran i&nbsp;owrzodze\u0144. Do&nbsp;odka\u017cania b\u0142on \u015bluzowych jamy ustnej i&nbsp; gard\u0142a. Preparat s\u0142u\u017cy wy\u0142\u0105cznie do&nbsp;u\u017cytku zewn\u0119trznego.<\/li>\n<\/ul>\n\n\n\n<h5 class=\"wp-block-heading\">\u015arodki zwi\u0105zane ze st\u0142uczeniami i zwichni\u0119ciami<\/h5>\n\n\n\n<ul class=\"wp-block-list\">\n<li><strong>Altacet<\/strong>&nbsp;&#8211; do opatrunk\u00f3w na st\u0142uczeniach i skr\u0119ceniach.<\/li>\n\n\n\n<li><strong>Banda\u017c elastyczny<\/strong>&nbsp;&#8211; nie na&nbsp;rany lecz do&nbsp;usztywnienia zwichni\u0119tych staw\u00f3w.<\/li>\n\n\n\n<li><strong>Klamerki<\/strong>&nbsp;do zapinania banda\u017ca<\/li>\n<\/ul>\n\n\n\n<h5 class=\"wp-block-heading\">\u015arodki przeciwb\u00f3lowe<\/h5>\n\n\n\n<ul class=\"wp-block-list\">\n<li><strong>Pyralgin<\/strong>\u00a0&#8211; pospolity \u015brodek przeciwb\u00f3lowy, przeciwgor\u0105czkowy, przeciwzapalny i\u00a0uspokajaj\u0105cy.<\/li>\n\n\n\n<li><strong>Veramid<\/strong>&nbsp;&#8211; \u015brodek stosowany jednorazowo, dora\u017anie; najcz\u0119\u015bciej stosowany na&nbsp; b\u00f3l z\u0119ba.<\/li>\n\n\n\n<li><strong>Paracetamol (Apap, Acenol, Codipar, Efferalgan)<\/strong>&nbsp;&#8211; jeden z&nbsp;nowszych \u015brodk\u00f3w przeciwb\u00f3lowy.<\/li>\n\n\n\n<li><strong>Flugalin, Ibuprom, Ibuprofen<\/strong>&nbsp;&#8211; \u015brodki przeciwb\u00f3lowe dzia\u0142aj\u0105ce na&nbsp;\u015brodek ruchu: zapalenie staw\u00f3w, choroby i&nbsp;urazy staw\u00f3w, \u015bci\u0119gien, skr\u0119ce\u0144, zwichni\u0119\u0107 i&nbsp;z\u0142ama\u0144.<\/li>\n\n\n\n<li><strong>No-Spa, Spasmophen<\/strong>&nbsp;&#8211; \u015brodki rozkurczaj\u0105ce, nie upo\u015bledzaj\u0105ce uk\u0142adu nerwowego; po\u017c\u0105dane przy b\u00f3lach brzucha.<\/li>\n\n\n\n<li><strong>Lignokaina<\/strong>&nbsp;&#8211; zewn\u0119trzny \u015brodek silnie znieczulaj\u0105cy miejscowo; doskona\u0142y na&nbsp; b\u00f3l z\u0119ba i&nbsp;do&nbsp;znieczulenia rany.<\/li>\n\n\n\n<li><strong>Solpadeine<\/strong>&nbsp;&#8211; b\u00f3le r\u00f3\u017cnego pochodzenia. Gor\u0105czka. Przezi\u0119bienia z towarzysz\u0105cym suchym kaszlem.<\/li>\n\n\n\n<li><strong>Voltaren<\/strong>&nbsp;&#8211; lek przeciwb\u00f3lowy, przeciwzapalny i przeciwobrz\u0119kowy<\/li>\n<\/ul>\n\n\n\n<h5 class=\"wp-block-heading\">\u015arodki trawienne<\/h5>\n\n\n\n<ul class=\"wp-block-list\">\n<li><strong>Raphacholin, Sylimarol<\/strong>&nbsp;&#8211; \u015brodki pochodzenia ro\u015blinnego maj\u0105ce wp\u0142ywa\u0107 reguluj\u0105co na&nbsp;prac\u0119 w\u0105troby, tonizuj\u0105ce procesy trawienne.<\/li>\n\n\n\n<li><strong>Sulfaguanidina, Smecta<\/strong>&nbsp;&#8211; \u015brodki przeciw zatruciom bakteryjnym i&nbsp;biegunce.<\/li>\n\n\n\n<li><strong>W\u0119giel<\/strong>&nbsp;&#8211; dzia\u0142a absorpcyjnie na&nbsp;trucizny (toksyny) i&nbsp;gazy.<\/li>\n\n\n\n<li><strong>Aviomarin<\/strong>&nbsp;&#8211; \u015brodek przeciwwymiotny, przeciwko chorobie lokomocyjnej<\/li>\n\n\n\n<li><strong>Transway<\/strong>&nbsp;&#8211; \u015brodek w&nbsp;plastrze, stosowany przeciwko chorobie lokomocyjnej<\/li>\n\n\n\n<li><strong>Maalox, Manti<\/strong>&nbsp;&#8211; usuwaj\u0105 wszelkie niedogodno\u015bci spowodowane nadkwa\u015bno\u015bci\u0105<\/li>\n\n\n\n<li><strong>Loperamid, Imodium<\/strong>&nbsp;&#8211; r\u00f3\u017cnego typu biegunki zar\u00f3wno przej\u015bciowe jak i chroniczne<\/li>\n<\/ul>\n\n\n\n<h5 class=\"wp-block-heading\">\u015arodki przeciwuczuleniowe<\/h5>\n\n\n\n<ul class=\"wp-block-list\">\n<li><strong>Wapno<\/strong>&nbsp;&#8211; \u015brodek podawany doustnie (w&nbsp;wyj\u0105tkowych sytuacjach &#8211; do\u017cylnie).&nbsp;<strong>UWAGA:<\/strong>&nbsp;Do\u017cylnie wapno podawa\u0107 powinna jedynie osoba o&nbsp;odpowiednim przygotowaniu!<\/li>\n\n\n\n<li><strong>Clemastinum<\/strong>&nbsp;&#8211; blokuj\u0105 efekt histaminy, substancji kt\u00f3ra jest produkowana przez organizm w&nbsp;r\u00f3\u017cnego typu uczuleniach. Zastosowanie: R\u00f3\u017cnego typu alergie z&nbsp;wysypk\u0105, katarem. Uczulenia na&nbsp; uk\u0105szenia owad\u00f3w.<\/li>\n\n\n\n<li><strong>Diphergan<\/strong>&nbsp;&#8211; blokuje dzia\u0142anie histaminy. Diphergan ma r\u00f3wnie\u017c dzia\u0142anie uspokajaj\u0105ce.<\/li>\n\n\n\n<li><strong>Zyrtec<\/strong>&nbsp;&#8211; \u015brodek przeciwalergiczny.<\/li>\n<\/ul>\n\n\n\n<h5 class=\"wp-block-heading\">\u015arodki przeciwzapalne i\u00a0bakteriob\u00f3jcze<\/h5>\n\n\n\n<p>Nie powinno si\u0119 bra\u0107 antybiotyk\u00f3w bez porozumienia z\u00a0lekarzem! Je\u015bli decydujemy si\u0119 na wzi\u0119cie antybiotyku, musi by\u0107 on brany regularnie, a\u017c\u00a0do\u00a0zako\u0144czenia kuracji. W\u00a0przeciwnym razie, mo\u017cemy wyhodowa\u0107 sami w\u00a0sobie pokolenie bakterii odporniejszych na\u00a0to\u00a0lekarstwo;\u00a0<strong>UWAGA:<\/strong>\u00a0w\u00a0fazie masowego gini\u0119cia bakterii, pojawia si\u0119 okres pogorszenia samopoczucia, co\u00a0jest wynikiem reakcji organizmu na\u00a0toksyny wydzielane przez gin\u0105ce bakterie. Nie oznacza to,\u00a0\u017ce jest to\u00a0 dzia\u0142anie niew\u0142a\u015bciwe dobranego antybiotyku.<\/p>\n\n\n\n<ul class=\"wp-block-list\">\n<li><strong>Vibramycyna, Doxacyklina<\/strong>&nbsp;&#8211; antybiotyki<\/li>\n\n\n\n<li><strong>Sumamed, Azytromycyna<\/strong>&nbsp;&#8211; (3 pastylki w kuracji &#8211; 1 dzie\u0144) dzia\u0142aj\u0105cy lokalnie na&nbsp; tkanki zmienione zapalnie (drogi oddechowe i&nbsp;sk\u00f3ra)<\/li>\n\n\n\n<li><strong>Polcortolon, Encorton, Doxamethazon<\/strong>&nbsp;&#8211; hormonalne \u015brodki przeciwzapalne; ich d\u0142u\u017csze pobieranie powoduje jednoczesny spadek odporno\u015bci ustroju na&nbsp;zarazki<\/li>\n<\/ul>\n\n\n\n<h5 class=\"wp-block-heading\">\u015arodki zwi\u0105zane z\u00a0uk\u0105szeniami<\/h5>\n\n\n\n<ul class=\"wp-block-list\">\n<li><strong>Off, Autam, Doom, Repel, Rid<\/strong>&nbsp;&#8211; \u015brodki przeciw komarom<\/li>\n\n\n\n<li><strong>Fenistil<\/strong>&nbsp;&#8211; stosowany do powierzchniowego leczenia po uk\u0105szeniach owad\u00f3w, oparzeniach s\u0142onecznym oraz przy powierzchownych oparzeniach sk\u00f3ry.<\/li>\n<\/ul>\n\n\n\n<h5 class=\"wp-block-heading\">\u015arodki przeciw przezi\u0119bieniom<\/h5>\n\n\n\n<ul class=\"wp-block-list\">\n<li><strong>Bestpirin, Aspirin<\/strong>&nbsp;&#8211; gor\u0105czka w&nbsp;przezi\u0119bieniu i&nbsp;chorobach infekcyjnych, b\u00f3l g\u0142owy, b\u00f3l z\u0119b\u00f3w, b\u00f3le reumatyczne.<\/li>\n\n\n\n<li><strong>Scorbolamid<\/strong>&nbsp;&#8211; grypa, nerwob\u00f3le, przezi\u0119bienia, zapalenie korzonk\u00f3w nerwowych.<\/li>\n<\/ul>\n\n\n\n<h5 class=\"wp-block-heading\">Dodatkowo:<\/h5>\n\n\n\n<ul class=\"wp-block-list\">\n<li><strong>R\u0119kawiczki<\/strong>&nbsp;lateksowe<\/li>\n\n\n\n<li><strong>Chusta tr\u00f3jk\u0105tna<\/strong>&nbsp;&#8211; do unieruchomienia ramienia, czy przedramienia.<\/li>\n\n\n\n<li><strong>No\u017cyczki<\/strong>&nbsp;&#8211; przydatne przy robieniu opatrunk\u00f3w.<\/li>\n\n\n\n<li><strong>Ig\u0142y<\/strong>&nbsp;&#8211; po odka\u017ceniu, przydatne przy wyjmowaniu drzazg.<\/li>\n<\/ul>\n","protected":false},"excerpt":{"rendered":"<p>Apteczka Nie wszyscy mamy wykszta\u0142cenie medyczne, ale niestety, ka\u017cdemu z\u00a0nas mo\u017ce si\u0119 przytrafi\u0107 skaleczenie, czy choroba. Wyprawowa apteczka powinna zawiera\u0107 zar\u00f3wno \u015brodki powszechnie znane i\u00a0\u0142atwe w\u00a0zastosowaniu, jak i\u00a0\u015brodki niezb\u0119dne w\u00a0przypadku utrudnionego dost\u0119pu do\u00a0lekarza, czy jakiejkolwiek plac\u00f3wki medycznej. Problemem pozostaje jednak zdobycie odpowiedniej wiedzy dotycz\u0105cej doboru takich \u015brodk\u00f3w i\u00a0sposobu ich\u00a0stosowania. Mamy nadziej\u0119, \u017ce\u00a0umieszczane tu\u00a0sukcesywnie informacje, pomog\u0105&#8230;<\/p>\n","protected":false},"author":1,"featured_media":0,"parent":1444,"menu_order":0,"comment_status":"closed","ping_status":"closed","template":"page-right-sidebar-template","meta":{"pgc_sgb_lightbox_settings":"","footnotes":""},"class_list":["post-1453","page","type-page","status-publish","hentry"],"_links":{"self":[{"href":"https:\/\/www.ondokeo.net\/index.php\/wp-json\/wp\/v2\/pages\/1453","targetHints":{"allow":["GET"]}}],"collection":[{"href":"https:\/\/www.ondokeo.net\/index.php\/wp-json\/wp\/v2\/pages"}],"about":[{"href":"https:\/\/www.ondokeo.net\/index.php\/wp-json\/wp\/v2\/types\/page"}],"author":[{"embeddable":true,"href":"https:\/\/www.ondokeo.net\/index.php\/wp-json\/wp\/v2\/users\/1"}],"replies":[{"embeddable":true,"href":"https:\/\/www.ondokeo.net\/index.php\/wp-json\/wp\/v2\/comments?post=1453"}],"version-history":[{"count":3,"href":"https:\/\/www.ondokeo.net\/index.php\/wp-json\/wp\/v2\/pages\/1453\/revisions"}],"predecessor-version":[{"id":1463,"href":"https:\/\/www.ondokeo.net\/index.php\/wp-json\/wp\/v2\/pages\/1453\/revisions\/1463"}],"up":[{"embeddable":true,"href":"https:\/\/www.ondokeo.net\/index.php\/wp-json\/wp\/v2\/pages\/1444"}],"wp:attachment":[{"href":"https:\/\/www.ondokeo.net\/index.php\/wp-json\/wp\/v2\/media?parent=1453"}],"curies":[{"name":"wp","href":"https:\/\/api.w.org\/{rel}","templated":true}]}}