{"id":1473,"date":"2024-02-06T14:46:58","date_gmt":"2024-02-06T13:46:58","guid":{"rendered":"http:\/\/www.ondokeo.net\/ondokeo_new\/?page_id=1473"},"modified":"2024-02-13T23:19:23","modified_gmt":"2024-02-13T22:19:23","slug":"ekwipunek-linki","status":"publish","type":"page","link":"https:\/\/www.ondokeo.net\/index.php\/ekwipunek-2\/ekwipunek-linki\/","title":{"rendered":"Ekwipunek linki"},"content":{"rendered":"\n<h4 class=\"wp-block-heading\">Adresy w&nbsp;Sieci zwi\u0105zane z&nbsp;naszym ekwipunkiem<\/h4>\n\n\n\n<h5 class=\"wp-block-heading\">Sprz\u0119t turystyczny<\/h5>\n\n\n\n<p><a target=\"_blank\" href=\"http:\/\/www.backpacker.com\" rel=\"noreferrer noopener\">http:\/\/www.backpacker.com<\/a>&nbsp;&#8211; Doskona\u0142e \u017ar\u00f3d\u0142o test\u00f3w sprz\u0119tu turystycznego<br><a target=\"_blank\" href=\"http:\/\/www.outdoorreview.com\" rel=\"noreferrer noopener\">http:\/\/www.outdoorreview.com<\/a><br><a target=\"_blank\" href=\"http:\/\/www.cascadedesigns.com\" rel=\"noreferrer noopener\">http:\/\/www.cascadedesigns.com<\/a><\/p>\n\n\n\n<h5 class=\"wp-block-heading\">Po\u017cywienie<\/h5>\n\n\n\n<p><a href=\"http:\/\/www.kupiec.pl\" target=\"_blank\" rel=\"noreferrer noopener\">http:\/\/www.kupiec.pl<\/a>\u00a0&#8211; Producent sprawdzonej przez nas kaszy &#8222;Kuskus&#8221;<\/p>\n\n\n\n<h5 class=\"wp-block-heading\">Kuchnia<\/h5>\n\n\n\n<p><a target=\"_blank\" href=\"http:\/\/www.primus.se\/\" rel=\"noreferrer noopener\">http:\/\/www.primus.se\/<\/a>&nbsp;Primus &#8211; Szwedzki producent kuchenek turystycznych<br><a target=\"_blank\" href=\"http:\/\/www.msrcorp.com\" rel=\"noreferrer noopener\">http:\/\/www.msrcorp.com<\/a>&nbsp;&#8211; Mountain Safety Research<\/p>\n\n\n\n<h5 class=\"wp-block-heading\">Latarki<\/h5>\n\n\n\n<p><a target=\"_blank\" href=\"http:\/\/www.streamlight.com\" rel=\"noreferrer noopener\">http:\/\/www.streamlight.com<\/a>&nbsp;Producent latarek &#8222;TwinTask&#8221;<\/p>\n","protected":false},"excerpt":{"rendered":"<p>Adresy w&nbsp;Sieci zwi\u0105zane z&nbsp;naszym ekwipunkiem Sprz\u0119t turystyczny http:\/\/www.backpacker.com&nbsp;&#8211; Doskona\u0142e \u017ar\u00f3d\u0142o test\u00f3w sprz\u0119tu turystycznegohttp:\/\/www.outdoorreview.comhttp:\/\/www.cascadedesigns.com Po\u017cywienie http:\/\/www.kupiec.pl\u00a0&#8211; Producent sprawdzonej przez nas kaszy &#8222;Kuskus&#8221; Kuchnia http:\/\/www.primus.se\/&nbsp;Primus &#8211; Szwedzki producent kuchenek turystycznychhttp:\/\/www.msrcorp.com&nbsp;&#8211; Mountain Safety Research Latarki http:\/\/www.streamlight.com&nbsp;Producent latarek &#8222;TwinTask&#8221;<\/p>\n","protected":false},"author":1,"featured_media":0,"parent":1444,"menu_order":0,"comment_status":"closed","ping_status":"closed","template":"page-right-sidebar-template","meta":{"pgc_sgb_lightbox_settings":"","footnotes":""},"class_list":["post-1473","page","type-page","status-publish","hentry"],"_links":{"self":[{"href":"https:\/\/www.ondokeo.net\/index.php\/wp-json\/wp\/v2\/pages\/1473","targetHints":{"allow":["GET"]}}],"collection":[{"href":"https:\/\/www.ondokeo.net\/index.php\/wp-json\/wp\/v2\/pages"}],"about":[{"href":"https:\/\/www.ondokeo.net\/index.php\/wp-json\/wp\/v2\/types\/page"}],"author":[{"embeddable":true,"href":"https:\/\/www.ondokeo.net\/index.php\/wp-json\/wp\/v2\/users\/1"}],"replies":[{"embeddable":true,"href":"https:\/\/www.ondokeo.net\/index.php\/wp-json\/wp\/v2\/comments?post=1473"}],"version-history":[{"count":4,"href":"https:\/\/www.ondokeo.net\/index.php\/wp-json\/wp\/v2\/pages\/1473\/revisions"}],"predecessor-version":[{"id":2394,"href":"https:\/\/www.ondokeo.net\/index.php\/wp-json\/wp\/v2\/pages\/1473\/revisions\/2394"}],"up":[{"embeddable":true,"href":"https:\/\/www.ondokeo.net\/index.php\/wp-json\/wp\/v2\/pages\/1444"}],"wp:attachment":[{"href":"https:\/\/www.ondokeo.net\/index.php\/wp-json\/wp\/v2\/media?parent=1473"}],"curies":[{"name":"wp","href":"https:\/\/api.w.org\/{rel}","templated":true}]}}