{"id":599,"date":"2024-01-29T20:56:02","date_gmt":"2024-01-29T19:56:02","guid":{"rendered":"http:\/\/www.ondokeo.net\/ondokeo_new\/?page_id=599"},"modified":"2024-02-28T19:47:41","modified_gmt":"2024-02-28T18:47:41","slug":"biblioteczka","status":"publish","type":"page","link":"https:\/\/www.ondokeo.net\/index.php\/wiedza\/biblioteczka\/","title":{"rendered":"Biblioteczka"},"content":{"rendered":"\n<h4 class=\"wp-block-heading\">Ekspedycje<\/h4>\n\n\n\n<div class=\"wp-block-media-text is-stacked-on-mobile is-vertically-aligned-top\" style=\"grid-template-columns:22% auto\"><figure class=\"wp-block-media-text__media\"><img loading=\"lazy\" decoding=\"async\" width=\"85\" height=\"112\" src=\"http:\/\/www.ondokeo.net\/wp-content\/uploads\/2024\/02\/tom_sheppard.jpg\" alt=\"\" class=\"wp-image-1375 size-full\"\/><\/figure><div class=\"wp-block-media-text__content\">\n<p class=\"has-small-font-size\"><strong>Vehicle-dependent Expedition Guide<\/strong><\/p>\n\n\n\n<p class=\"has-small-font-size\">Tom Sheppard, ISBN: 0-9532425-1-7<\/p>\n\n\n\n<p class=\"has-small-font-size\">To najwa\u017cniejsza z&nbsp;ksi\u0105\u017cek na&nbsp;temat przygotowywania expedycji. Zawiera ogrom wiedzy dotycz\u0105cej wszelkich aspekt\u00f3w planowania dalekich podr\u00f3\u017cy samochodem.<\/p>\n\n\n\n<ul class=\"has-small-font-size wp-block-list\">\n<li>Podstawy planowania dalekich ekspedycji.<\/li>\n\n\n\n<li>Wyposa\u017cenie: sprz\u0119t kempingowy, ubranie i&nbsp;obuwie, gotowanie i&nbsp;jedzenie, woda, paliwo, \u0142\u0105czno\u015b\u0107, zasilanie sprz\u0119tu<\/li>\n\n\n\n<li>Dob\u00f3r i&nbsp;przygotowanie ludzi<\/li>\n\n\n\n<li>Samoch\u00f3d: dob\u00f3r samochodu, modyfikacje samochodu, za\u0142adunek i&nbsp;obci\u0105\u017cenie samochodu<\/li>\n\n\n\n<li>Dzia\u0142ania w&nbsp;czasie ekspedycji: planowanie drogi, nawigacja, kartografia,<\/li>\n<\/ul>\n<\/div><\/div>\n\n\n\n<p><\/p>\n\n\n\n<div class=\"wp-block-media-text is-stacked-on-mobile is-vertically-aligned-top\" style=\"grid-template-columns:22% auto\"><figure class=\"wp-block-media-text__media\"><img loading=\"lazy\" decoding=\"async\" width=\"72\" height=\"112\" src=\"http:\/\/www.ondokeo.net\/wp-content\/uploads\/2024\/02\/chris_scott.jpg\" alt=\"\" class=\"wp-image-1376 size-full\"\/><\/figure><div class=\"wp-block-media-text__content\">\n<p class=\"has-small-font-size\"><strong>Sahara Overland a&nbsp;route and planning guide ; wyd. 2.<\/strong><\/p>\n\n\n\n<p class=\"has-small-font-size\">Chris Scott, ISBN: 1-873756-76-3<\/p>\n\n\n\n<p class=\"has-small-font-size\">Nast\u0119pna z&nbsp;dw\u00f3ch ksi\u0105\u017cek, kt\u00f3rych posiadanie jest podstaw\u0105. Nie tylko wtedy, gdy wybierasz si\u0119 na&nbsp;Sahar\u0119. Zawiera Informacje o&nbsp;przygotowaniu do&nbsp;odwiedzenia Sahary i&nbsp;informacje o&nbsp;samej Saharze. Opisy poszczeg\u00f3lnych kraj\u00f3w, na terenie kt\u00f3rych le\u017cy Sahara, opisy dr\u00f3g na&nbsp;Saharze.<\/p>\n\n\n\n<p class=\"has-small-font-size\">Drugie wydanie z&nbsp;2004 roku. Opisy 70 pist na Saharze, \u0142\u0105cznie ok. 25 tys. km.<\/p>\n<\/div><\/div>\n\n\n\n<p><\/p>\n\n\n\n<div class=\"wp-block-media-text is-stacked-on-mobile is-vertically-aligned-top\" style=\"grid-template-columns:22% auto\"><figure class=\"wp-block-media-text__media\"><img loading=\"lazy\" decoding=\"async\" width=\"70\" height=\"112\" src=\"http:\/\/www.ondokeo.net\/wp-content\/uploads\/2024\/02\/africa_overland.jpg\" alt=\"\" class=\"wp-image-1377 size-full\"\/><\/figure><div class=\"wp-block-media-text__content\">\n<p class=\"has-small-font-size\"><strong>Africa Overland<\/strong><\/p>\n\n\n\n<p class=\"has-small-font-size\">Sian Pritchard-Jones, Bob Gibbons, ISBN: 1-84162-135-8<\/p>\n\n\n\n<p class=\"has-small-font-size\">Ksi\u0105\u017cka jest czwartym wydaniem przewodnika dla podr\u00f3\u017cuj\u0105cych w\u0142asnym samochodem, motocyklem, czy rowerem po&nbsp;Afryce. Poprzednie wydania mia\u0142y tytu\u0142 &#8222;Africa by&nbsp;road&#8221;. W&nbsp;ksi\u0105\u017cce znajdziemy:<\/p>\n\n\n\n<ul class=\"has-small-font-size wp-block-list\">\n<li>informacje podobne do&nbsp;zawarto\u015bci &#8222;Vehicle-dependent Expedition Guide&#8221; Toma Shepparda, oczywi\u015bcie w&nbsp;mikro skali<\/li>\n\n\n\n<li>obszerne informacje po\u015bwi\u0119cone niezb\u0119dnym w&nbsp;Afryce dokumentom zwi\u0105zanym z&nbsp;przekraczaniem granic samemu i&nbsp;z&nbsp;odprawianiem na&nbsp;granicach w\u0142asnego pojadu<\/li>\n\n\n\n<li>kr\u00f3tki przewodnik po Afryce<\/li>\n\n\n\n<li>alfabetyczny opis kraj\u00f3w Afryki zawieraj\u0105cy informacje nie zawsze \u0142atwe do&nbsp;znalezienia w&nbsp;zwyk\u0142ych przewodnikach: stolica, j\u0119zyki, waluta, wizy, koszty paliwa, wymagania i&nbsp;zagro\u017cenia zwi\u0105zane z&nbsp;przekraczaniem granic i&nbsp;ruchem drogowym, ambasady, interesuj\u0105ce i&nbsp;warte zobaczenia miejsca, noclegi z&nbsp;naciskiem na&nbsp;kepingi.<\/li>\n<\/ul>\n<\/div><\/div>\n\n\n\n<p><\/p>\n\n\n\n<div class=\"wp-block-media-text is-stacked-on-mobile is-vertically-aligned-top\" style=\"grid-template-columns:22% auto\"><figure class=\"wp-block-media-text__media\"><img loading=\"lazy\" decoding=\"async\" width=\"85\" height=\"126\" src=\"http:\/\/www.ondokeo.net\/wp-content\/uploads\/2024\/02\/tom_sheppard_desert-1.jpg\" alt=\"\" class=\"wp-image-1379 size-full\"\/><\/figure><div class=\"wp-block-media-text__content\">\n<p class=\"has-small-font-size\"><strong>Desert Expeditions<\/strong><\/p>\n\n\n\n<p class=\"has-small-font-size\"><em>Tom Sheppard<\/em>, ISBN: 0-907649-15-7<\/p>\n\n\n\n<p class=\"has-small-font-size\">W internetowych ksi\u0119garniach znale\u017a\u0107 mo\u017cna jedynie informacje o tym, \u017ce jest ona niedost\u0119pna. W wielu miejscach w Internecie mo\u017cna jednak znale\u017a\u0107 \u015blady tej ksi\u0105\u017cki w postaci plik\u00f3w PDF. Desert Expeditions (wydanie 3, 1988).<\/p>\n<\/div><\/div>\n\n\n\n<h4 class=\"wp-block-heading\">Off-Road<\/h4>\n\n\n\n<div class=\"wp-block-media-text is-stacked-on-mobile is-vertically-aligned-top\" style=\"grid-template-columns:22% auto\"><figure class=\"wp-block-media-text__media\"><img loading=\"lazy\" decoding=\"async\" width=\"83\" height=\"112\" src=\"http:\/\/www.ondokeo.net\/wp-content\/uploads\/2024\/02\/jack_jackson.jpg\" alt=\"\" class=\"wp-image-1381 size-full\"\/><\/figure><div class=\"wp-block-media-text__content\">\n<p class=\"has-small-font-size\"><strong>The Off-Road 4-wheel drive book, choosing, using and maintaining go-anywhere vehicles<\/strong><\/p>\n\n\n\n<p class=\"has-small-font-size\">Jack Jackson, ISBN 1-85860-606-7<\/p>\n\n\n\n<p class=\"has-small-font-size\">To du\u017ca, albumowo wydana ksi\u0105\u017cka, Wyr\u00f3\u017cnia si\u0119:<\/p>\n\n\n\n<ul class=\"has-small-font-size wp-block-list\">\n<li>Szczeg\u00f3\u0142owymi opisami budowy, dzia\u0142ania i&nbsp;wykorzystywania poszczeg\u00f3lnych podzespo\u0142\u00f3w samochod\u00f3w terenowych.<\/li>\n\n\n\n<li>Dok\u0142adnymi opisami wyposa\u017cenia dodatkowego samochod\u00f3w terenowych wraz z&nbsp;zasadami pos\u0142ugiwania si\u0119 nimi.<\/li>\n\n\n\n<li>Instrukcjami dotycz\u0105cymi zasady prowadzenia samochodu terenowego w&nbsp;r\u00f3\u017cnym terenie.<\/li>\n<\/ul>\n\n\n\n<p class=\"has-small-font-size\">Poza tym zawiera:<\/p>\n\n\n\n<ul class=\"has-small-font-size wp-block-list\">\n<li>Przygotowanie samochodu do&nbsp;expedycji.<\/li>\n\n\n\n<li>Wiele pi\u0119knych zdj\u0119\u0107 i&nbsp;nie wiedzie\u0107 czemu, na&nbsp;wi\u0119kszo\u015bci z&nbsp;nich s\u0105 Land Rovery, ale&nbsp;i&nbsp; pi\u0119kne stare Toyoty.<\/li>\n<\/ul>\n<\/div><\/div>\n\n\n\n<p><\/p>\n\n\n\n<div class=\"wp-block-media-text is-stacked-on-mobile is-vertically-aligned-top\" style=\"grid-template-columns:22% auto\"><figure class=\"wp-block-media-text__media\"><img loading=\"lazy\" decoding=\"async\" width=\"72\" height=\"112\" src=\"http:\/\/www.ondokeo.net\/wp-content\/uploads\/2024\/02\/shifting.jpg\" alt=\"\" class=\"wp-image-1382 size-full\"\/><\/figure><div class=\"wp-block-media-text__content\">\n<p class=\"has-small-font-size\"><strong>The SUV Owner&#8217;s 4WD Handbook SHIFTING into 4WD<\/strong><\/p>\n\n\n\n<p class=\"has-small-font-size\">Harry Lewellyn, ISBN 0-944781-02-2<\/p>\n\n\n\n<p class=\"has-small-font-size\">Niewielka ksi\u0105\u017cka, kt\u00f3r\u0105 mo\u017cna by&nbsp;z&nbsp;pewno\u015bci\u0105 do\u0142\u0105czy\u0107 do&nbsp;serii wydawniczej typu &#8222;Poradnik dla pocz\u0105tkuj\u0105cych&#8221;, czyli od zera do&nbsp;doskona\u0142o\u015bci. Ponad 300 stron tekstu pe\u0142nego bardzo dok\u0142adnych, t\u0142umaczonych na&nbsp;prostych przyk\u0142adach, opis\u00f3w dzia\u0142ania poszczeg\u00f3lnych mechanizm\u00f3w samochodu terenowego oraz opis\u00f3w poprawnych i&nbsp;niepoprawnych zachowa\u0144 w &nbsp;terenie.<\/p>\n\n\n\n<p class=\"has-small-font-size\">Niew\u0105tpliw\u0105 wad\u0105 dla polskiego czytelnika jest trudny j\u0119zyk tej ksi\u0105\u017cki. Hm.. to&nbsp;znaczy \u0142atwy j\u0119zyk, ale angielski; pe\u0142en przeno\u015bni, gierek s\u0142ownych i&nbsp;\u017carcik\u00f3w.<\/p>\n<\/div><\/div>\n\n\n\n<h4 class=\"wp-block-heading\">Land Rover<\/h4>\n\n\n\n<div class=\"wp-block-media-text is-stacked-on-mobile is-vertically-aligned-top\" style=\"grid-template-columns:22% auto\"><figure class=\"wp-block-media-text__media\"><img loading=\"lazy\" decoding=\"async\" width=\"84\" height=\"112\" src=\"http:\/\/www.ondokeo.net\/wp-content\/uploads\/2024\/02\/you_and_your.jpg\" alt=\"\" class=\"wp-image-1383 size-full\"\/><\/figure><div class=\"wp-block-media-text__content\">\n<p class=\"has-small-font-size\"><strong>You &amp; your Land Rover Ninety, One Ten and Defender, buying, enjoying, maintaining, modyfying<\/strong><\/p>\n\n\n\n<p class=\"has-small-font-size\">Martin Hodder, 2000r, ISBN: 1-85960-667-9<\/p>\n\n\n\n<p class=\"has-small-font-size\">Ksi\u0105\u017cka po\u015bwi\u0119cona samochodom Land Rover ze szczeg\u00f3lnym uwzgl\u0119dnieniem modeli &#8222;90&#8221;, &#8222;110&#8221; i&nbsp;Defender. Autor omawia:<\/p>\n\n\n\n<ul class=\"has-small-font-size wp-block-list\">\n<li>Histori\u0119 Land Rover\u00f3w, podaje szczeg\u00f3\u0142owe informacje o&nbsp;wprowadzanych sukcesywnie zmianach technologicznych i&nbsp;technicznych.<\/li>\n\n\n\n<li>Tematy zwi\u0105zane z&nbsp;podejmowaniem decyzji o zakupie tych samochod\u00f3w z&nbsp;drugiej r\u0119ki.<\/li>\n\n\n\n<li>Modyfikacje i ich wp\u0142yw na&nbsp;mo\u017cliwo\u015bci samochodu oraz bezpiecze\u0144stwo.<\/li>\n\n\n\n<li>Podstawowe tematy zwi\u0105zane z&nbsp;serwisem<\/li>\n<\/ul>\n<\/div><\/div>\n\n\n\n<div class=\"wp-block-media-text is-stacked-on-mobile is-vertically-aligned-top\" style=\"grid-template-columns:22% auto\"><figure class=\"wp-block-media-text__media\"><img loading=\"lazy\" decoding=\"async\" width=\"82\" height=\"112\" src=\"http:\/\/www.ondokeo.net\/wp-content\/uploads\/2024\/02\/restoration.jpg\" alt=\"\" class=\"wp-image-1384 size-full\"\/><\/figure><div class=\"wp-block-media-text__content\">\n<p class=\"has-small-font-size\"><strong>Land Rover Ninety, One Ten and Defender &#8211; Restoration Manual<\/strong><\/p>\n\n\n\n<p class=\"has-small-font-size\">Lindsay Porter, 1999r, ISBN: 1-85960-600-8<\/p>\n\n\n\n<p class=\"has-small-font-size\">Warsztatowy podr\u0119cznik po\u015bwi\u0119cony naprawianiu wszystkich podzespo\u0142\u00f3w w&nbsp;samochodach Land Rover Ninety, One Ten and Defender. Pomaga w&nbsp;poznaniu budowy samochodu. Zawiera wiele rysunk\u00f3w i&nbsp;zdj\u0119\u0107 pokazuj\u0105cych poszczeg\u00f3lne podzespo\u0142y samochodu. Autor omawia technologi\u0119 wymiany najszybciej zu\u017cuwaj\u0105cych si\u0119 element\u00f3w.<\/p>\n<\/div><\/div>\n\n\n\n<p><\/p>\n\n\n\n<div class=\"wp-block-media-text is-stacked-on-mobile is-vertically-aligned-top\" style=\"grid-template-columns:22% auto\"><figure class=\"wp-block-media-text__media\"><img loading=\"lazy\" decoding=\"async\" width=\"77\" height=\"112\" src=\"http:\/\/www.ondokeo.net\/wp-content\/uploads\/2024\/02\/afryka.jpg\" alt=\"\" class=\"wp-image-1385 size-full\"\/><\/figure><div class=\"wp-block-media-text__content\">\n<p class=\"has-small-font-size\"><strong>Working in the Wild&#8221; Land Rover&#8217;s Manual for Africa<\/strong><\/p>\n\n\n\n<p class=\"has-small-font-size\">Land Rover, 1989r, ISBN: 1-855-20285-9<\/p>\n\n\n\n<p class=\"has-small-font-size\">To ksi\u0105\u017cka, kt\u00f3r\u0105 przez kilka lat omija\u0142em jako niewiele wart\u0105 broszurk\u0119. Jaki\u015b czas temu znalaz\u0142em j\u0105 jednak na&nbsp;li\u015bcie interesuj\u0105cych ksi\u0105\u017cek na&nbsp;Internetowym serwerze ludzi, wybieraj\u0105cych si\u0119 na&nbsp;wypraw\u0119 z&nbsp;Wielkiej Brytanii do CapeTown. Kupi\u0142em j\u0105 i faktycznie znalaz\u0142em wiele ciekawych informacji. Ksi\u0105\u017cka napisana by\u0142a ok. 1997 roku; dotyczy samochod\u00f3w Land Rover serii I, II, III oraz Defendera i&nbsp; zawiera informacje&nbsp;o:<\/p>\n\n\n\n<ul class=\"has-small-font-size wp-block-list\">\n<li>Cz\u0119\u015bciach zapasowych dla pracuj\u0105cych w&nbsp;cie\u017ckich warunkach Land Rover\u00f3w.<\/li>\n\n\n\n<li>Zasadach prowadzenia samochodu w&nbsp;trudnych warunkach.<\/li>\n\n\n\n<li>Paliwie i jego zu\u017cyciu przy r\u00f3\u017cnym obci\u0105\u017ceniu samochodu, r\u00f3\u017cnych pr\u0119dko\u015bciach i&nbsp;w&nbsp;r\u00f3\u017cnych warunkach.<\/li>\n\n\n\n<li>Obci\u0105\u017calno\u015bci samochodu i jego dachu, wp\u0142ywie obci\u0105\u017cenia na&nbsp;jego stabilno\u015b\u0107 oraz maksymalnych wymiarach baga\u017cu.<\/li>\n\n\n\n<li>Wyposa\u017ceniu polowego warsztatu.<\/li>\n\n\n\n<li>Narz\u0119dziach i dodatkowym wyposa\u017ceniu samochodu.<\/li>\n\n\n\n<li>Dzia\u0142aniu w&nbsp;przypadku k\u0142opot\u00f3w w&nbsp;trudnym terenie.<\/li>\n<\/ul>\n<\/div><\/div>\n\n\n\n<div class=\"wp-block-media-text is-stacked-on-mobile is-vertically-aligned-top\" style=\"grid-template-columns:22% auto\"><figure class=\"wp-block-media-text__media\"><img loading=\"lazy\" decoding=\"async\" width=\"78\" height=\"112\" src=\"http:\/\/www.ondokeo.net\/wp-content\/uploads\/2024\/02\/300tdi_wm.jpg\" alt=\"\" class=\"wp-image-1387 size-full\"\/><\/figure><div class=\"wp-block-media-text__content\">\n<p class=\"has-small-font-size\"><strong>Defender 300Tdi 90 110 130 96\/98 Workshop Maual<\/strong><\/p>\n\n\n\n<p class=\"has-small-font-size\">Land Rover, 1999r, ISBN: 1-855-20504-1<\/p>\n\n\n\n<p class=\"has-small-font-size\">Warsztatowy podr\u0119cznik po\u015bwi\u0119cony Defenderowi rocznik 1996-1998<\/p>\n<\/div><\/div>\n\n\n\n<p><\/p>\n\n\n\n<div class=\"wp-block-media-text is-stacked-on-mobile is-vertically-aligned-top\" style=\"grid-template-columns:22% auto\"><figure class=\"wp-block-media-text__media\"><img loading=\"lazy\" decoding=\"async\" width=\"79\" height=\"112\" src=\"http:\/\/www.ondokeo.net\/wp-content\/uploads\/2024\/02\/300tdi_r380_lt230t.jpg\" alt=\"\" class=\"wp-image-1388 size-full\"\/><\/figure><div class=\"wp-block-media-text__content\">\n<p class=\"has-small-font-size\"><strong>300Tdi Diesel Engine R380 Manual Gearbox LT230T Transfer Gearbox Ovarhaul Manuals<\/strong><\/p>\n\n\n\n<p class=\"has-small-font-size\">Land Rover, 1997r, ISBN: 1-855-20521-1<\/p>\n\n\n\n<p class=\"has-small-font-size\">Warsztatowy podr\u0119cznik po\u015bwi\u0119cony silnikowi 300Tdi, skrzyni bieg\u00f3w R380 oraz reduktorowi LT230T.<\/p>\n<\/div><\/div>\n\n\n\n<h4 class=\"wp-block-heading\">Zdrowie<\/h4>\n\n\n\n<div class=\"wp-block-media-text is-stacked-on-mobile is-vertically-aligned-top\" style=\"grid-template-columns:22% auto\"><figure class=\"wp-block-media-text__media\"><img loading=\"lazy\" decoding=\"async\" width=\"80\" height=\"112\" src=\"http:\/\/www.ondokeo.net\/wp-content\/uploads\/2024\/02\/poradnik.jpg\" alt=\"\" class=\"wp-image-1560 size-full\"\/><\/figure><div class=\"wp-block-media-text__content\">\n<p class=\"has-small-font-size\"><strong>Podr\u00f3\u017cuj bezpiecznie<\/strong>, poradnik dla podr\u00f3\u017cuj\u0105cych po \u015bwiecie<\/p>\n\n\n\n<p class=\"has-small-font-size\">Norbert Rehlis, ISBN: 83-916101-0-1<\/p>\n\n\n\n<p class=\"has-small-font-size\">Polska ksi\u0105\u017cka, autorstwa specjalisty medycyny tropikalnej, po\u015bwi\u0119cona jest profilaktyce i&nbsp;leczeniu chor\u00f3b tropikalnych. Wiele miejsca autor po\u015bwi\u0119ca r\u00f3wnie\u017c bezpiecze\u0144stwu w&nbsp;krajach o&nbsp;odmiennych warunkach klimatycznych oraz nast\u0119pstwom kontakt\u00f3w z&nbsp;niebezpiecznymi zwierz\u0119tami.<\/p>\n<\/div><\/div>\n\n\n\n<p><\/p>\n\n\n\n<div class=\"wp-block-media-text is-stacked-on-mobile is-vertically-aligned-top\" style=\"grid-template-columns:22% auto\"><figure class=\"wp-block-media-text__media\"><img loading=\"lazy\" decoding=\"async\" width=\"73\" height=\"112\" src=\"http:\/\/www.ondokeo.net\/wp-content\/uploads\/2024\/02\/healthy_africa.jpg\" alt=\"\" class=\"wp-image-1561 size-full\"\/><\/figure><div class=\"wp-block-media-text__content\">\n<p class=\"has-small-font-size\"><strong>Healthy Travel &#8211; Africa<\/strong><\/p>\n\n\n\n<p class=\"has-small-font-size\">Isabelle Young; Lonely Planet, ISBN: 1-86450-050-6<\/p>\n\n\n\n<p class=\"has-small-font-size\">Ksi\u0105\u017cka, a&nbsp;w&nbsp;zasadzie &#8211;&nbsp;ze&nbsp;wzgl\u0119du na rozmiary &#8211; trzeba by&nbsp;powiedzie\u0107, ksi\u0105\u017ceczka, zawiera informacje o&nbsp;chorobach wyst\u0119puj\u0105cych w&nbsp;poszczeg\u00f3lnych rejonach Afryki oraz&nbsp;zapobieganiu im&nbsp;i&nbsp;pomocy w&nbsp;przypadku zachorowania oraz pierwszej pomocy w&nbsp;nag\u0142ych wypadkach. Osobne rozdzia\u0142y po\u015bwi\u0119cono poszczeg\u00f3lnym grupom chor\u00f3b, \u017ar\u00f3d\u0142om zagro\u017ce\u0144 i&nbsp;podr\u00f3\u017cuj\u0105cym (kobietom, dzieciom, osobom starszym). W&nbsp;dodatkach znajdziemy informacje o&nbsp;dost\u0119pnych w&nbsp;Afryce lekach i s\u0142u\u017cbach medycznych.<\/p>\n<\/div><\/div>\n","protected":false},"excerpt":{"rendered":"<p>Ekspedycje Sahara Overland a&nbsp;route and planning guide ; wyd. 2. Chris Scott, ISBN: 1-873756-76-3 Nast\u0119pna z&nbsp;dw\u00f3ch ksi\u0105\u017cek, kt\u00f3rych posiadanie jest podstaw\u0105. Nie tylko wtedy, gdy wybierasz si\u0119 na&nbsp;Sahar\u0119. Zawiera Informacje o&nbsp;przygotowaniu do&nbsp;odwiedzenia Sahary i&nbsp;informacje o&nbsp;samej Saharze. Opisy poszczeg\u00f3lnych kraj\u00f3w, na terenie kt\u00f3rych le\u017cy Sahara, opisy dr\u00f3g na&nbsp;Saharze. Drugie wydanie z&nbsp;2004 roku. Opisy 70 pist na&#8230;<\/p>\n","protected":false},"author":1,"featured_media":0,"parent":597,"menu_order":0,"comment_status":"closed","ping_status":"closed","template":"page-right-sidebar-template","meta":{"pgc_sgb_lightbox_settings":"","footnotes":""},"class_list":["post-599","page","type-page","status-publish","hentry"],"_links":{"self":[{"href":"https:\/\/www.ondokeo.net\/index.php\/wp-json\/wp\/v2\/pages\/599","targetHints":{"allow":["GET"]}}],"collection":[{"href":"https:\/\/www.ondokeo.net\/index.php\/wp-json\/wp\/v2\/pages"}],"about":[{"href":"https:\/\/www.ondokeo.net\/index.php\/wp-json\/wp\/v2\/types\/page"}],"author":[{"embeddable":true,"href":"https:\/\/www.ondokeo.net\/index.php\/wp-json\/wp\/v2\/users\/1"}],"replies":[{"embeddable":true,"href":"https:\/\/www.ondokeo.net\/index.php\/wp-json\/wp\/v2\/comments?post=599"}],"version-history":[{"count":9,"href":"https:\/\/www.ondokeo.net\/index.php\/wp-json\/wp\/v2\/pages\/599\/revisions"}],"predecessor-version":[{"id":4152,"href":"https:\/\/www.ondokeo.net\/index.php\/wp-json\/wp\/v2\/pages\/599\/revisions\/4152"}],"up":[{"embeddable":true,"href":"https:\/\/www.ondokeo.net\/index.php\/wp-json\/wp\/v2\/pages\/597"}],"wp:attachment":[{"href":"https:\/\/www.ondokeo.net\/index.php\/wp-json\/wp\/v2\/media?parent=599"}],"curies":[{"name":"wp","href":"https:\/\/api.w.org\/{rel}","templated":true}]}}